{"id":661,"date":"2014-08-19T19:42:26","date_gmt":"2014-08-19T19:42:26","guid":{"rendered":"http:\/\/www.maquinasaguia.com.br\/site\/?post_type=product&#038;p=661"},"modified":"2019-01-31T17:02:20","modified_gmt":"2019-01-31T17:02:20","slug":"serra-circular-multipla-cmba-160","status":"publish","type":"product","link":"https:\/\/www.maquinasaguia.com.br\/site\/produto\/serra-circular-multipla-cmba-160\/","title":{"rendered":"SERRA CIRCULAR M\u00daLTIPLA  &#8211; &#8220;CMBA-160&#8221;"},"content":{"rendered":"<p>M\u00e1quina destinada \u00e0 desdobrar blocos em m\u00faltiplas t\u00e1buas, ripas ou r\u00e9guas em uma s\u00f3 passagem por uma m\u00e1quina \u00e9 a maneira mais f\u00e1cil de obter uma significativa produ\u00e7\u00e3o.<\/p>\n<p>Se os blocos ainda tiverem costaneiras em dois lados, eles dever\u00e3o entrar centrados na m\u00e1quina, ou melhor, posicionadas para otimiza\u00e7\u00e3o de aproveitamento.<\/p>\n<p>Se os blocos j\u00e1 tiverem uma terceira face, previamente serrada, eles poder\u00e3o ser alinhados junto a uma r\u00e9gua guia que transpassa a m\u00e1quina.<\/p>\n<p>Para cada aplica\u00e7\u00e3o se indica um dos variados modelos e tamanhos dispon\u00edveis.<\/p>\n<p><iframe loading=\"lazy\" src=\"https:\/\/www.youtube.com\/embed\/Ybz83yGk-Vo\" width=\"640\" height=\"360\" frameborder=\"0\" allowfullscreen=\"allowfullscreen\"><\/iframe><\/p>\n<div align=\"center\">\n<table border=\"1\" width=\"623\" cellspacing=\"0\" cellpadding=\"0\">\n<tbody>\n<tr>\n<td valign=\"top\" width=\"84\">\n<p align=\"center\"><strong>M\u00c1QUINA<\/strong><\/p>\n<\/td>\n<td valign=\"top\" width=\"127\">\n<p align=\"center\"><strong>ALTURA DE CORTE<\/strong><\/p>\n<p align=\"center\"><strong>mm<\/strong><\/p>\n<\/td>\n<td valign=\"top\" width=\"159\">\n<p align=\"center\"><strong>LARGURA DE PASSAGEM<\/strong><\/p>\n<p align=\"center\"><strong>mm<\/strong><\/p>\n<\/td>\n<td valign=\"top\" width=\"155\">\n<p align=\"center\"><strong>\u00d8 DISCOS DE SERRA mm inferior \/ superior<\/strong><\/p>\n<\/td>\n<td valign=\"top\" width=\"98\">\n<p align=\"center\"><strong>SISTEMA DE MEDIDAS<\/strong><\/p>\n<\/td>\n<\/tr>\n<tr>\n<td valign=\"top\" width=\"84\">\n<p align=\"center\">CMBA-110<\/p>\n<\/td>\n<td width=\"127\">\n<p align=\"center\">110<\/p>\n<\/td>\n<td width=\"159\">\n<p align=\"center\">660<\/p>\n<\/td>\n<td width=\"155\">\n<p align=\"center\">250 \/250<\/p>\n<\/td>\n<td rowspan=\"3\" width=\"98\">\n<p align=\"center\">An\u00e9is separadores<\/p>\n<\/td>\n<\/tr>\n<tr>\n<td valign=\"top\" width=\"84\">\n<p align=\"center\">CMBA-160<\/p>\n<\/td>\n<td width=\"127\">\n<p align=\"center\">160<\/p>\n<\/td>\n<td width=\"159\">\n<p align=\"center\">660<\/p>\n<\/td>\n<td width=\"155\">\n<p align=\"center\">250 \/ 300<\/p>\n<\/td>\n<\/tr>\n<tr>\n<td valign=\"top\" width=\"84\">\n<p align=\"center\">CMBA-210<\/p>\n<\/td>\n<td width=\"127\">\n<p align=\"center\">210<\/p>\n<\/td>\n<td width=\"159\">\n<p align=\"center\">560<\/p>\n<\/td>\n<td width=\"155\">\n<p align=\"center\">350 \/ 450<\/p>\n<\/td>\n<\/tr>\n<\/tbody>\n<\/table>\n<\/div>\n<p>&nbsp;<\/p>\n<div class=\"title\"><h2> Dados T\u00e9cnicos <\/h2><div class=\"title-line-container\"><div class=\"title-line \"><\/div><\/div><\/div>\n<ul>\n<li>Quanto ao n\u00famero de discos de serra m\u00f3veis ou fixos as m\u00e1quinas podem ser personalizadas de acordo com a aplica\u00e7\u00e3o.<\/li>\n<li>M\u00e1quina muito resistente e compacta, destinada \u00e0 trabalho severo.<\/li>\n<li>Indicada para madeiras nativas de m\u00e9dio e grande porte.<\/li>\n<li>Se op\u00e7\u00e3o do cliente, pode acompanhar Laser, o que otimiza o pr\u00f3ximo corte.<\/li>\n<li>Apresenta DOIS EIXOS de corte, proporcionando e facilitando o corte de t\u00e1buas mais espessas.<\/li>\n<\/ul>\n","protected":false},"excerpt":{"rendered":"<p>Serra Circular M\u00faltipla com duplo eixo, de longa gera\u00e7\u00e3o e tradi\u00e7\u00e3o, muito utilizada para madeiras nativas de m\u00e9dio e grande porte.<\/p>\n","protected":false},"featured_media":663,"comment_status":"closed","ping_status":"closed","template":"","meta":[],"product_brand":[],"product_cat":[15,18,25],"product_tag":[],"class_list":{"0":"post-661","1":"product","2":"type-product","3":"status-publish","4":"has-post-thumbnail","6":"product_cat-serraria","7":"product_cat-serras-circulares","8":"product_cat-serras-circulares-serraria","10":"first","11":"instock","12":"shipping-taxable","13":"product-type-simple"},"_links":{"self":[{"href":"https:\/\/www.maquinasaguia.com.br\/site\/wp-json\/wp\/v2\/product\/661","targetHints":{"allow":["GET"]}}],"collection":[{"href":"https:\/\/www.maquinasaguia.com.br\/site\/wp-json\/wp\/v2\/product"}],"about":[{"href":"https:\/\/www.maquinasaguia.com.br\/site\/wp-json\/wp\/v2\/types\/product"}],"replies":[{"embeddable":true,"href":"https:\/\/www.maquinasaguia.com.br\/site\/wp-json\/wp\/v2\/comments?post=661"}],"wp:featuredmedia":[{"embeddable":true,"href":"https:\/\/www.maquinasaguia.com.br\/site\/wp-json\/wp\/v2\/media\/663"}],"wp:attachment":[{"href":"https:\/\/www.maquinasaguia.com.br\/site\/wp-json\/wp\/v2\/media?parent=661"}],"wp:term":[{"taxonomy":"product_brand","embeddable":true,"href":"https:\/\/www.maquinasaguia.com.br\/site\/wp-json\/wp\/v2\/product_brand?post=661"},{"taxonomy":"product_cat","embeddable":true,"href":"https:\/\/www.maquinasaguia.com.br\/site\/wp-json\/wp\/v2\/product_cat?post=661"},{"taxonomy":"product_tag","embeddable":true,"href":"https:\/\/www.maquinasaguia.com.br\/site\/wp-json\/wp\/v2\/product_tag?post=661"}],"curies":[{"name":"wp","href":"https:\/\/api.w.org\/{rel}","templated":true}]}}