{"id":657,"date":"2014-08-18T18:00:14","date_gmt":"2014-08-18T18:00:14","guid":{"rendered":"http:\/\/www.maquinasaguia.com.br\/site\/?post_type=product&#038;p=657"},"modified":"2018-10-30T19:33:39","modified_gmt":"2018-10-30T19:33:39","slug":"serra-circular-geminada-scgt4","status":"publish","type":"product","link":"https:\/\/www.maquinasaguia.com.br\/site\/produto\/serra-circular-geminada-scgt4\/","title":{"rendered":"Serra Circular Geminada &#8211; &#8220;SCGT4&#8221; e &#8220;SCGT2&#8221; \/ bloqueadeira"},"content":{"rendered":"<p>S\u00e3o m\u00e1quinas para iniciar o processo de corte em toras com di\u00e2metros menores ( normalmente de origem reflorestada).<\/p>\n<p>Por raz\u00e3o de seu conceito construtivo, destinam-se a ind\u00fastrias de alta produ\u00e7\u00e3o. Executam dois cortes simult\u00e2neos nas toras, estejam elas previamente descascadas ou n\u00e3o. Os cortes restantes dever\u00e3o ser feitos em outras m\u00e1quinas. Resumindo, nelas se produzem blocos de duas faces que facilitam o seu desdobramento posterior em outros equipamentos, na sequ\u00eancia do processo.<\/p>\n<div class=\"title\"><h2> Dados T\u00e9cnicos <\/h2><div class=\"title-line-container\"><div class=\"title-line \"><\/div><\/div><\/div>\n<ul>\n<li>\u00c9 recomend\u00e1vel um sistema de entrada para as toras e de um sistema de sa\u00edda para o bloco central com separa\u00e7\u00e3o autom\u00e1tica para as costaneiras.<\/li>\n<li>Entrada de toras e sa\u00eddas para bloco e costaneiras personalizadas de acordo com o pedido do cliente. Quanto maior o tamanho da m\u00e1quina maior pode ser o di\u00e2metro das toras.<\/li>\n<li>O cliente escolher\u00e1 sua m\u00e1quina em fun\u00e7\u00e3o de suas necessidades.<\/li>\n<li>Todas as m\u00e1quinas tem o mesmo padr\u00e3o de qualidade, diferenciando-se os v\u00e1rios tipos por sua capacidade.<\/li>\n<li>Velocidade de avan\u00e7o vari\u00e1vel ou fixa dependendo da defini\u00e7\u00e3o do cliente.<\/li>\n<li>Sistema de medidas (eletr\u00f4nico &#8211; CLP, pneum\u00e1tico ou manual)<\/li>\n<li>Sistema de alimenta\u00e7\u00e3o e sa\u00edda AS<\/li>\n<li>Controle de medidas (bitolador) manual ou eletr\u00f4nico<\/li>\n<\/ul>\n<p><iframe loading=\"lazy\" src=\"https:\/\/www.youtube.com\/embed\/arP_zUWgjog?rel=0\" width=\"640\" height=\"360\" frameborder=\"0\" allowfullscreen=\"allowfullscreen\"><\/iframe><\/p>\n<p>SERRARIA COM SCGT-4 + TRANSPORTADORES<\/p>\n<div class=\"wordpress_embed\"><iframe loading=\"lazy\" width=\"960\" height=\"540\" src=\"https:\/\/www.youtube.com\/embed\/B24Kwy0TGTM?feature=oembed\" frameborder=\"0\" allow=\"accelerometer; autoplay; encrypted-media; gyroscope; picture-in-picture\" allowfullscreen><\/iframe><\/div>\n","protected":false},"excerpt":{"rendered":"<p>Serra Circular Geminada SCGT4, possui acoplamento direto no motor, ou seja, para cada serra um motor garantindo m\u00e1xima pot\u00eancia no sistema de corte. Mais efici\u00eancia com pouca m\u00e3o de obra.<\/p>\n","protected":false},"featured_media":783,"comment_status":"closed","ping_status":"closed","template":"","meta":[],"product_brand":[],"product_cat":[16,15,18,25,26],"product_tag":[],"class_list":{"0":"post-657","1":"product","2":"type-product","3":"status-publish","4":"has-post-thumbnail","6":"product_cat-beneficiamento","7":"product_cat-serraria","8":"product_cat-serras-circulares","9":"product_cat-serras-circulares-serraria","10":"product_cat-serras-gemeas","12":"first","13":"instock","14":"shipping-taxable","15":"product-type-simple"},"_links":{"self":[{"href":"https:\/\/www.maquinasaguia.com.br\/site\/wp-json\/wp\/v2\/product\/657","targetHints":{"allow":["GET"]}}],"collection":[{"href":"https:\/\/www.maquinasaguia.com.br\/site\/wp-json\/wp\/v2\/product"}],"about":[{"href":"https:\/\/www.maquinasaguia.com.br\/site\/wp-json\/wp\/v2\/types\/product"}],"replies":[{"embeddable":true,"href":"https:\/\/www.maquinasaguia.com.br\/site\/wp-json\/wp\/v2\/comments?post=657"}],"wp:featuredmedia":[{"embeddable":true,"href":"https:\/\/www.maquinasaguia.com.br\/site\/wp-json\/wp\/v2\/media\/783"}],"wp:attachment":[{"href":"https:\/\/www.maquinasaguia.com.br\/site\/wp-json\/wp\/v2\/media?parent=657"}],"wp:term":[{"taxonomy":"product_brand","embeddable":true,"href":"https:\/\/www.maquinasaguia.com.br\/site\/wp-json\/wp\/v2\/product_brand?post=657"},{"taxonomy":"product_cat","embeddable":true,"href":"https:\/\/www.maquinasaguia.com.br\/site\/wp-json\/wp\/v2\/product_cat?post=657"},{"taxonomy":"product_tag","embeddable":true,"href":"https:\/\/www.maquinasaguia.com.br\/site\/wp-json\/wp\/v2\/product_tag?post=657"}],"curies":[{"name":"wp","href":"https:\/\/api.w.org\/{rel}","templated":true}]}}