{"id":537,"date":"2014-05-02T13:36:58","date_gmt":"2014-05-02T13:36:58","guid":{"rendered":"http:\/\/www.maquinasaguia.com.br\/site\/?post_type=product&#038;p=537"},"modified":"2016-02-11T12:53:45","modified_gmt":"2016-02-11T12:53:45","slug":"serras-circulares-refiladeiras","status":"publish","type":"product","link":"https:\/\/www.maquinasaguia.com.br\/site\/produto\/serras-circulares-refiladeiras\/","title":{"rendered":"SERRA CIRCULAR REFILADEIRA"},"content":{"rendered":"<p>Refilar pranchas de madeira significa fazer cortes longitudinais, resultando t\u00e1buas de madeira limpa, com larguras variadas. As sobras laterais e falhas que estiverem na sua parte central s\u00e3o removidas como res\u00edduos.<\/p>\n<div class=\"title\"><h2> Dados T\u00e9cnicos <\/h2><div class=\"title-line-container\"><div class=\"title-line \"><\/div><\/div><\/div>\n<ul>\n<li>Para cada aplica\u00e7\u00e3o se indica um dos variados modelos e tamanhos dispon\u00edveis.<\/li>\n<li>N\u00e3o acompanha mesa de entrada e sa\u00edda.<\/li>\n<\/ul>\n<p>Os tipos mais freq\u00fcentemente escolhidos pelos clientes e fabricados pela M\u00c1QUINAS \u00c1GUIA s\u00e3o:<\/p>\n<p>&nbsp;<\/p>\n<table width=\"584\" border=\"1\" cellspacing=\"0\" cellpadding=\"0\">\n<tbody>\n<tr>\n<td valign=\"top\" width=\"116\">\n<p align=\"center\"><b>\u00a0<\/b><b>\u00a0<\/b><\/p>\n<p align=\"center\"><b>M\u00c1QUINA<\/b><\/p>\n<\/td>\n<td valign=\"top\" width=\"117\">\n<p align=\"center\"><b>\u00d8 DISCOS DE SERRA mm<\/b><\/p>\n<\/td>\n<td valign=\"top\" width=\"117\">\n<p align=\"center\"><b>LARGURA DE PASSAGEM mm<\/b><\/p>\n<\/td>\n<td valign=\"top\" width=\"117\">\n<p align=\"center\"><b>ALTURA DE<br \/>\nCORTE mm<\/b><\/p>\n<\/td>\n<td valign=\"top\" width=\"118\">\n<p align=\"center\"><b>SISTEMA DE MEDIDAS (BITOLADOR)<\/b><\/p>\n<\/td>\n<\/tr>\n<tr>\n<td valign=\"top\" width=\"116\">\n<p align=\"center\"><b>CA-60-35-BE<\/b><\/p>\n<\/td>\n<td rowspan=\"3\" valign=\"top\" width=\"117\">\n<p align=\"center\">350<\/p>\n<\/td>\n<td rowspan=\"3\" valign=\"top\" width=\"117\">\n<p align=\"center\">660<\/p>\n<\/td>\n<td rowspan=\"3\" valign=\"top\" width=\"117\">\n<p align=\"center\">105<\/p>\n<\/td>\n<td width=\"118\">\n<p align=\"center\">Eletr\u00f4nico \u2013 CLP<\/p>\n<\/td>\n<\/tr>\n<tr>\n<td valign=\"top\" width=\"116\">\n<p align=\"center\"><b>CA-60-35-BP<\/b><\/p>\n<\/td>\n<td width=\"118\">\n<p align=\"center\">Pneum\u00e1tico<\/p>\n<\/td>\n<\/tr>\n<tr>\n<td valign=\"top\" width=\"116\">\n<p align=\"center\"><b>CA-60-35-LF<\/b><\/p>\n<\/td>\n<td width=\"118\">\n<p align=\"center\">An\u00e9is separadores<\/p>\n<\/td>\n<\/tr>\n<tr>\n<td valign=\"top\" width=\"116\">\n<p align=\"center\"><b>CA-60-40-BE<\/b><\/p>\n<\/td>\n<td rowspan=\"3\" valign=\"top\" width=\"117\">\n<p align=\"center\">400<\/p>\n<\/td>\n<td rowspan=\"3\" valign=\"top\" width=\"117\">\n<p align=\"center\">660<\/p>\n<\/td>\n<td rowspan=\"3\" valign=\"top\" width=\"117\">\n<p align=\"center\">130<\/p>\n<\/td>\n<td width=\"118\">\n<p align=\"center\">Eletr\u00f4nico \u2013 CLP<\/p>\n<\/td>\n<\/tr>\n<tr>\n<td valign=\"top\" width=\"116\">\n<p align=\"center\"><b>CA-60-40-BP<\/b><\/p>\n<\/td>\n<td width=\"118\">\n<p align=\"center\">Pneum\u00e1tico<\/p>\n<\/td>\n<\/tr>\n<tr>\n<td valign=\"top\" width=\"116\">\n<p align=\"center\"><b>CA-60-40-LF<\/b><\/p>\n<\/td>\n<td width=\"118\">\n<p align=\"center\">An\u00e9is separadores<\/p>\n<\/td>\n<\/tr>\n<tr>\n<td valign=\"top\" width=\"116\">\n<p align=\"center\"><b>CA-80-35-BE<\/b><\/p>\n<\/td>\n<td rowspan=\"3\" valign=\"top\" width=\"117\">\n<p align=\"center\">350<\/p>\n<\/td>\n<td rowspan=\"3\" valign=\"top\" width=\"117\">\n<p align=\"center\">800<\/p>\n<\/td>\n<td rowspan=\"3\" valign=\"top\" width=\"117\">\n<p align=\"center\">105<\/p>\n<\/td>\n<td width=\"118\">\n<p align=\"center\">Eletr\u00f4nico \u2013 CLP<\/p>\n<\/td>\n<\/tr>\n<tr>\n<td valign=\"top\" width=\"116\">\n<p align=\"center\"><b>CA-80-35-BP<\/b><\/p>\n<\/td>\n<td width=\"118\">\n<p align=\"center\">Pneum\u00e1tico<\/p>\n<\/td>\n<\/tr>\n<tr>\n<td valign=\"top\" width=\"116\">\n<p align=\"center\"><b>CA-80-35-LF<\/b><\/p>\n<\/td>\n<td width=\"118\">\n<p align=\"center\">An\u00e9is separadores<\/p>\n<\/td>\n<\/tr>\n<tr>\n<td valign=\"top\" width=\"116\">\n<p align=\"center\"><b>CA-115-40-BE<\/b><\/p>\n<\/td>\n<td rowspan=\"3\" width=\"117\">\n<p align=\"center\">400<\/p>\n<\/td>\n<td rowspan=\"3\" width=\"117\">\n<p align=\"center\">1150<\/p>\n<\/td>\n<td rowspan=\"3\" width=\"117\">\n<p align=\"center\">130<\/p>\n<\/td>\n<td valign=\"top\" width=\"118\">\n<p align=\"center\">Eletr\u00f4nico \u2013 CLP<\/p>\n<\/td>\n<\/tr>\n<tr>\n<td valign=\"top\" width=\"116\">\n<p align=\"center\"><b>CA-115-40-BP<\/b><\/p>\n<\/td>\n<td valign=\"top\" width=\"118\">\n<p align=\"center\">Pneum\u00e1tico<\/p>\n<\/td>\n<\/tr>\n<tr>\n<td valign=\"top\" width=\"116\">\n<p align=\"center\"><b>CA-115-40-LF<\/b><\/p>\n<\/td>\n<td valign=\"top\" width=\"118\">\n<p align=\"center\">An\u00e9is separadores<\/p>\n<\/td>\n<\/tr>\n<\/tbody>\n<\/table>\n<p>&nbsp;<\/p>\n<div class=\"title\"><h2> Caracter\u00edsticas F\u00edsicas <\/h2><div class=\"title-line-container\"><div class=\"title-line \"><\/div><\/div><\/div>\n<p>Quanto ao n\u00famero de discos de serra m\u00f3veis ou fixos as m\u00e1quinas podem ser personalizadas de acordo com a aplica\u00e7\u00e3o.<\/p>\n<p>&nbsp;<\/p>\n<p>&nbsp;<\/p>\n<p><iframe loading=\"lazy\" src=\"https:\/\/www.youtube.com\/embed\/jJ15EuOzZnk?rel=0\" height=\"360\" width=\"640\" allowfullscreen=\"\" frameborder=\"0\"><\/iframe><\/p>\n","protected":false},"excerpt":{"rendered":"<p>M\u00e1quina para refilar t\u00e1buas e pranchas, em cortes longitudinais resultando em madeiras limpas. M\u00e1quina compacta, muito resistente e refor\u00e7ada, ultilizada na \u00e1rea de serrarias.<\/p>\n","protected":false},"featured_media":538,"comment_status":"closed","ping_status":"closed","template":"","meta":[],"product_brand":[],"product_cat":[16,15,18,25],"product_tag":[],"class_list":{"0":"post-537","1":"product","2":"type-product","3":"status-publish","4":"has-post-thumbnail","6":"product_cat-beneficiamento","7":"product_cat-serraria","8":"product_cat-serras-circulares","9":"product_cat-serras-circulares-serraria","11":"first","12":"instock","13":"shipping-taxable","14":"product-type-simple"},"_links":{"self":[{"href":"https:\/\/www.maquinasaguia.com.br\/site\/wp-json\/wp\/v2\/product\/537","targetHints":{"allow":["GET"]}}],"collection":[{"href":"https:\/\/www.maquinasaguia.com.br\/site\/wp-json\/wp\/v2\/product"}],"about":[{"href":"https:\/\/www.maquinasaguia.com.br\/site\/wp-json\/wp\/v2\/types\/product"}],"replies":[{"embeddable":true,"href":"https:\/\/www.maquinasaguia.com.br\/site\/wp-json\/wp\/v2\/comments?post=537"}],"wp:featuredmedia":[{"embeddable":true,"href":"https:\/\/www.maquinasaguia.com.br\/site\/wp-json\/wp\/v2\/media\/538"}],"wp:attachment":[{"href":"https:\/\/www.maquinasaguia.com.br\/site\/wp-json\/wp\/v2\/media?parent=537"}],"wp:term":[{"taxonomy":"product_brand","embeddable":true,"href":"https:\/\/www.maquinasaguia.com.br\/site\/wp-json\/wp\/v2\/product_brand?post=537"},{"taxonomy":"product_cat","embeddable":true,"href":"https:\/\/www.maquinasaguia.com.br\/site\/wp-json\/wp\/v2\/product_cat?post=537"},{"taxonomy":"product_tag","embeddable":true,"href":"https:\/\/www.maquinasaguia.com.br\/site\/wp-json\/wp\/v2\/product_tag?post=537"}],"curies":[{"name":"wp","href":"https:\/\/api.w.org\/{rel}","templated":true}]}}