{"id":468,"date":"2014-04-29T15:34:29","date_gmt":"2014-04-29T15:34:29","guid":{"rendered":"http:\/\/www.maquinasaguia.com.br\/site\/?post_type=product&#038;p=468"},"modified":"2016-01-27T16:16:06","modified_gmt":"2016-01-27T16:16:06","slug":"torno-tubular-tte5400-egp","status":"publish","type":"product","link":"https:\/\/www.maquinasaguia.com.br\/site\/produto\/torno-tubular-tte5400-egp\/","title":{"rendered":"TORNO TUBULAR &#8220;TTE5400 EG\/P&#8221;"},"content":{"rendered":"<p>Indicado para tornear um &#8220;Pararelo&#8221; pe\u00e7as de madeiras &#8220;quadradas&#8221; ou roletes &#8220;brutos&#8221;;<br \/>\nRecomendado para produzir torneados de 50 at\u00e9 70mm de \u00d8 (mediante troca de pe\u00e7as e\/ou ferramentas);<br \/>\nExcelente produtividade, atendendo os padr\u00f5es de qualidade exigidos pelo mercado internacional;<br \/>\nObs.: Pe\u00e7as e\/ou ferramentas para as medidas \u00e0 serem trabalhadas sob consulta.<\/p>\n<p><iframe loading=\"lazy\" src=\"\/\/www.youtube.com\/embed\/G4AAgaX4qLc\" height=\"354\" width=\"630\" allowfullscreen=\"\" frameborder=\"0\"><\/iframe><\/p>\n<div class=\"title\"><h2> Dados T\u00e9cnicos <\/h2><div class=\"title-line-container\"><div class=\"title-line \"><\/div><\/div><\/div>\n<ul>\n<li>Di\u00e2metro m\u00e1ximo de torneada: 80m\/m;<\/li>\n<li>Alimenta\u00e7\u00e3o manual.<\/li>\n<li>Motoriza\u00e7\u00e3o:<\/li>\n<\/ul>\n<p>um motor el\u00e9trico de 3 c.v. para sistema avan\u00e7o<br \/>\num motor el\u00e9trico de 15 c.v. para o cabe\u00e7ote<\/p>\n<ul>\n<li>Produ\u00e7\u00e3o &#8220;m\u00e9dia&#8221; por hora\/m\u00e1quina:<strong> 750m lineares<\/strong><\/li>\n<\/ul>\n<div class=\"title\"><h2> Caracter\u00edsticas F\u00edsicas <\/h2><div class=\"title-line-container\"><div class=\"title-line \"><\/div><\/div><\/div>\n<ul>\n<li>Estrutura constituida em ferro fundido e perfis dobrados c\/ refor\u00e7o estrutural<\/li>\n<li>Peso l\u00edquido (aproximado): 520Kg<\/li>\n<li>Dimens\u00f5es (aproximadas): (L) 0,60m x (C) 1,40 x (A) 1,10m<\/li>\n<\/ul>\n","protected":false},"excerpt":{"rendered":"<p>Recomendado para produzir torneados de 50mm at\u00e9 70mm de \u00d8. Indicado para tornear um &#8220;Pararelo&#8221; pe\u00e7as de madeiras &#8220;quadradas&#8221; ou roletes &#8220;brutos&#8221;<\/p>\n","protected":false},"featured_media":793,"comment_status":"closed","ping_status":"closed","template":"","meta":[],"product_brand":[],"product_cat":[16,17,20],"product_tag":[],"class_list":{"0":"post-468","1":"product","2":"type-product","3":"status-publish","4":"has-post-thumbnail","6":"product_cat-beneficiamento","7":"product_cat-cabos-de-vassoura","8":"product_cat-torneados","10":"first","11":"instock","12":"shipping-taxable","13":"product-type-simple"},"_links":{"self":[{"href":"https:\/\/www.maquinasaguia.com.br\/site\/wp-json\/wp\/v2\/product\/468","targetHints":{"allow":["GET"]}}],"collection":[{"href":"https:\/\/www.maquinasaguia.com.br\/site\/wp-json\/wp\/v2\/product"}],"about":[{"href":"https:\/\/www.maquinasaguia.com.br\/site\/wp-json\/wp\/v2\/types\/product"}],"replies":[{"embeddable":true,"href":"https:\/\/www.maquinasaguia.com.br\/site\/wp-json\/wp\/v2\/comments?post=468"}],"wp:featuredmedia":[{"embeddable":true,"href":"https:\/\/www.maquinasaguia.com.br\/site\/wp-json\/wp\/v2\/media\/793"}],"wp:attachment":[{"href":"https:\/\/www.maquinasaguia.com.br\/site\/wp-json\/wp\/v2\/media?parent=468"}],"wp:term":[{"taxonomy":"product_brand","embeddable":true,"href":"https:\/\/www.maquinasaguia.com.br\/site\/wp-json\/wp\/v2\/product_brand?post=468"},{"taxonomy":"product_cat","embeddable":true,"href":"https:\/\/www.maquinasaguia.com.br\/site\/wp-json\/wp\/v2\/product_cat?post=468"},{"taxonomy":"product_tag","embeddable":true,"href":"https:\/\/www.maquinasaguia.com.br\/site\/wp-json\/wp\/v2\/product_tag?post=468"}],"curies":[{"name":"wp","href":"https:\/\/api.w.org\/{rel}","templated":true}]}}