{"id":448,"date":"2014-04-29T14:32:25","date_gmt":"2014-04-29T14:32:25","guid":{"rendered":"http:\/\/www.maquinasaguia.com.br\/site\/?post_type=product&#038;p=448"},"modified":"2014-08-18T17:17:38","modified_gmt":"2014-08-18T17:17:38","slug":"torno-tubular-ttr-160p","status":"publish","type":"product","link":"https:\/\/www.maquinasaguia.com.br\/site\/produto\/torno-tubular-ttr-160p\/","title":{"rendered":"TORNO TUBULAR &#8220;TTR 160\/P&#8221;"},"content":{"rendered":"<p>Recomendado para produzir torneados de 90 a 160m\/m de \u00d8,<br \/>\nPara trabalhar com roletes (toras) de at\u00e9 260mm de \u00d8 (bruto), para torneados de at\u00e9 160mm de \u00d8, e para roletes de at\u00e9 120mm de \u00d8 (bruto) para torneados de at\u00e9 90mm de \u00d8.<\/p>\n<p><iframe loading=\"lazy\" src=\"\/\/www.youtube.com\/embed\/rBNMGiXYy40\" height=\"354\" width=\"630\" allowfullscreen=\"\" frameborder=\"0\"><\/iframe><\/p>\n<div class=\"title\"><h2> Dados T\u00e9cnicos <\/h2><div class=\"title-line-container\"><div class=\"title-line \"><\/div><\/div><\/div>\n<ul>\n<li>Alimenta\u00e7\u00e3o manual.<\/li>\n<li>Motoriza\u00e7\u00e3o (altera\u00e7\u00f5es sob consulta):<\/li>\n<\/ul>\n<p>um motor el\u00e9trico de 5 c.v. para sistema avan\u00e7o<br \/>\num motor el\u00e9trico de 40 c.v. para o cabe\u00e7ote<\/p>\n<ul>\n<li>Produ\u00e7\u00e3o &#8220;m\u00e9dia&#8221; 4,43; 7,33 ou 11,50m lineares por minuto, regul\u00e1vel por polia escalonada (vari\u00e1vel conforme as caracter\u00edsticas do torneamento).<\/li>\n<li>Opcional: Variador de velocidade\/avan\u00e7o eletr\u00f4nico (Inversor de frequ\u00eancia).<\/li>\n<\/ul>\n<div class=\"title\"><h2> Caracter\u00edsticas F\u00edsicas <\/h2><div class=\"title-line-container\"><div class=\"title-line \"><\/div><\/div><\/div>\n<ul>\n<li>Estrutura constituida em ferro fundido e perfis dobrados<\/li>\n<li>(vigas &#8220;I&#8221; e &#8220;U&#8221; c\/ refor\u00e7o estrutural)<\/li>\n<li>Peso l\u00edquido (aproximado): 2.100Kg<\/li>\n<li>Dimens\u00f5es (aproximadas): (L) 0,90m x (C) 2,40 x (A) 1,50m<\/li>\n<\/ul>\n","protected":false},"excerpt":{"rendered":"<p>Para trabalhar com roletes (toras) de at\u00e9 260mm de \u00d8 (bruto)<\/p>\n","protected":false},"featured_media":655,"comment_status":"closed","ping_status":"closed","template":"","meta":[],"product_brand":[],"product_cat":[16,20],"product_tag":[],"class_list":{"0":"post-448","1":"product","2":"type-product","3":"status-publish","4":"has-post-thumbnail","6":"product_cat-beneficiamento","7":"product_cat-torneados","9":"first","10":"instock","11":"shipping-taxable","12":"product-type-simple"},"_links":{"self":[{"href":"https:\/\/www.maquinasaguia.com.br\/site\/wp-json\/wp\/v2\/product\/448","targetHints":{"allow":["GET"]}}],"collection":[{"href":"https:\/\/www.maquinasaguia.com.br\/site\/wp-json\/wp\/v2\/product"}],"about":[{"href":"https:\/\/www.maquinasaguia.com.br\/site\/wp-json\/wp\/v2\/types\/product"}],"replies":[{"embeddable":true,"href":"https:\/\/www.maquinasaguia.com.br\/site\/wp-json\/wp\/v2\/comments?post=448"}],"wp:featuredmedia":[{"embeddable":true,"href":"https:\/\/www.maquinasaguia.com.br\/site\/wp-json\/wp\/v2\/media\/655"}],"wp:attachment":[{"href":"https:\/\/www.maquinasaguia.com.br\/site\/wp-json\/wp\/v2\/media?parent=448"}],"wp:term":[{"taxonomy":"product_brand","embeddable":true,"href":"https:\/\/www.maquinasaguia.com.br\/site\/wp-json\/wp\/v2\/product_brand?post=448"},{"taxonomy":"product_cat","embeddable":true,"href":"https:\/\/www.maquinasaguia.com.br\/site\/wp-json\/wp\/v2\/product_cat?post=448"},{"taxonomy":"product_tag","embeddable":true,"href":"https:\/\/www.maquinasaguia.com.br\/site\/wp-json\/wp\/v2\/product_tag?post=448"}],"curies":[{"name":"wp","href":"https:\/\/api.w.org\/{rel}","templated":true}]}}