{"id":435,"date":"2014-04-29T12:56:32","date_gmt":"2014-04-29T12:56:32","guid":{"rendered":"http:\/\/www.maquinasaguia.com.br\/site\/?post_type=product&#038;p=435"},"modified":"2015-05-13T18:04:38","modified_gmt":"2015-05-13T18:04:38","slug":"serra-destopadeira-de-cavilhas-pdc-14000","status":"publish","type":"product","link":"https:\/\/www.maquinasaguia.com.br\/site\/produto\/serra-destopadeira-de-cavilhas-pdc-14000\/","title":{"rendered":"SERRA DESTOPADEIRA DE CAVILHAS &#8220;PDC-14000&#8221;"},"content":{"rendered":"<p>Utilizado na produ\u00e7\u00e3o de cavilhas (tarugos) para a ind\u00fastria moveleira.<\/p>\n<div class=\"title\"><h2> Dados T\u00e9cnicos <\/h2><div class=\"title-line-container\"><div class=\"title-line \"><\/div><\/div><\/div>\n<ul>\n<li>Alimeta\u00e7\u00e3o Manual;<\/li>\n<li>Motoriza\u00e7\u00e3o: 1 motor de 0,5 c.v. para o avan\u00e7o, e 1 motor de 0,75 c.v. para o sistema de corte;<\/li>\n<li>Produ\u00e7\u00e3o m\u00e9dia por hora-m\u00e1quina: at\u00e9 14.000 pe\u00e7as<\/li>\n<li>Para produ\u00e7\u00e3o de cavilhas de 6mm a 15mm de \u00d8, e de 20mm a 90mm de comprimento (altera\u00e7\u00f5es sob consulta)<\/li>\n<\/ul>\n<div class=\"title\"><h2> Caracter\u00edsticas F\u00edsicas <\/h2><div class=\"title-line-container\"><div class=\"title-line \"><\/div><\/div><\/div>\n<ul>\n<li>Estrutura constru\u00edda em perfis-cantoneira;<\/li>\n<li>Peso l\u00edquido (aproximado): 115 Kg.;<\/li>\n<li>Dimens\u00f5es (aproximadas): (L) 0,70m x (C) 0,75m x (A) 0,65m.<\/li>\n<\/ul>\n","protected":false},"excerpt":{"rendered":"<p>M\u00e1quina voltada para ind\u00fastria moveleira na produ\u00e7\u00e3o de cavilhas.<\/p>\n","protected":false},"featured_media":735,"comment_status":"closed","ping_status":"closed","template":"","meta":[],"product_brand":[],"product_cat":[16,21],"product_tag":[],"class_list":{"0":"post-435","1":"product","2":"type-product","3":"status-publish","4":"has-post-thumbnail","6":"product_cat-beneficiamento","7":"product_cat-industria-moveleira","9":"first","10":"instock","11":"shipping-taxable","12":"product-type-simple"},"_links":{"self":[{"href":"https:\/\/www.maquinasaguia.com.br\/site\/wp-json\/wp\/v2\/product\/435","targetHints":{"allow":["GET"]}}],"collection":[{"href":"https:\/\/www.maquinasaguia.com.br\/site\/wp-json\/wp\/v2\/product"}],"about":[{"href":"https:\/\/www.maquinasaguia.com.br\/site\/wp-json\/wp\/v2\/types\/product"}],"replies":[{"embeddable":true,"href":"https:\/\/www.maquinasaguia.com.br\/site\/wp-json\/wp\/v2\/comments?post=435"}],"wp:featuredmedia":[{"embeddable":true,"href":"https:\/\/www.maquinasaguia.com.br\/site\/wp-json\/wp\/v2\/media\/735"}],"wp:attachment":[{"href":"https:\/\/www.maquinasaguia.com.br\/site\/wp-json\/wp\/v2\/media?parent=435"}],"wp:term":[{"taxonomy":"product_brand","embeddable":true,"href":"https:\/\/www.maquinasaguia.com.br\/site\/wp-json\/wp\/v2\/product_brand?post=435"},{"taxonomy":"product_cat","embeddable":true,"href":"https:\/\/www.maquinasaguia.com.br\/site\/wp-json\/wp\/v2\/product_cat?post=435"},{"taxonomy":"product_tag","embeddable":true,"href":"https:\/\/www.maquinasaguia.com.br\/site\/wp-json\/wp\/v2\/product_tag?post=435"}],"curies":[{"name":"wp","href":"https:\/\/api.w.org\/{rel}","templated":true}]}}