{"id":313,"date":"2014-04-24T15:09:37","date_gmt":"2014-04-24T15:09:37","guid":{"rendered":"http:\/\/www.maquinasaguia.com.br\/site\/?post_type=product&#038;p=313"},"modified":"2016-02-11T13:32:14","modified_gmt":"2016-02-11T13:32:14","slug":"plaina-moldureira-duas-facer-pmr1006tr","status":"publish","type":"product","link":"https:\/\/www.maquinasaguia.com.br\/site\/produto\/plaina-moldureira-duas-facer-pmr1006tr\/","title":{"rendered":"PLAINA MOLDUREIRA DUAS FACES &#8220;PMR100\/6tr&#8221;"},"content":{"rendered":"<p>Plaina 2 faces, recomendada para plainar molduras (eixo inferior e eixo superior), roli\u00e7os (tipo: cavilhas, varetas para ber\u00e7o) etc. Este modelo apresenta 6 rolos tracionados o que caracteriza mais for\u00e7a e fixa\u00e7\u00e3o e velocidade na entrada e sa\u00edda da madeira.<\/p>\n<p><iframe loading=\"lazy\" src=\"https:\/\/www.youtube.com\/embed\/zCpnjPS2GmM?rel=0\" height=\"360\" width=\"640\" allowfullscreen=\"\" frameborder=\"0\"><\/iframe><\/p>\n<div class=\"title\"><h2> Dados T\u00e9cnicos <\/h2><div class=\"title-line-container\"><div class=\"title-line \"><\/div><\/div><\/div>\n<ul>\n<li>Motoriza\u00e7\u00e3o:<\/li>\n<\/ul>\n<p>Avan\u00e7o 1,5 c.v.<br \/>\nEixos (inferior e superior) 10 c.v. (cada)<br \/>\nObs.: (altera\u00e7\u00f5es sob consulta)<\/p>\n<ul>\n<li>Avan\u00e7o: 10; 15 ou 20 m lineares p\/ minuto (altera\u00e7\u00f5es sob consulta).<\/li>\n<li>Largura \u00fatil: 90mm<\/li>\n<li>Ferramental: poder\u00e1 ser fornecido \/ cotado em separado.<\/li>\n<\/ul>\n<div class=\"title\"><h2> Caracter\u00edsticas F\u00edsicas <\/h2><div class=\"title-line-container\"><div class=\"title-line \"><\/div><\/div><\/div>\n<ul>\n<li>Estrutura em ferro fundido e perfis dobrados com refor\u00e7o estrutural.<\/li>\n<li>Peso (l\u00edquido): 550 Kg<\/li>\n<li>Dimens\u00f5es aproximadas: (L) 0,80m x (C) 1,40m x (A) 1,30m.<\/li>\n<\/ul>\n","protected":false},"excerpt":{"rendered":"<p>Modelo de plaina que apresenta 6 rolos tracionados, caracterizando maior efici\u00eancia na entrada e sa\u00edda da madeira.<\/p>\n","protected":false},"featured_media":704,"comment_status":"closed","ping_status":"closed","template":"","meta":[],"product_brand":[],"product_cat":[16,17,19],"product_tag":[],"class_list":{"0":"post-313","1":"product","2":"type-product","3":"status-publish","4":"has-post-thumbnail","6":"product_cat-beneficiamento","7":"product_cat-cabos-de-vassoura","8":"product_cat-plainas-e-componentes","10":"first","11":"instock","12":"shipping-taxable","13":"product-type-simple"},"_links":{"self":[{"href":"https:\/\/www.maquinasaguia.com.br\/site\/wp-json\/wp\/v2\/product\/313","targetHints":{"allow":["GET"]}}],"collection":[{"href":"https:\/\/www.maquinasaguia.com.br\/site\/wp-json\/wp\/v2\/product"}],"about":[{"href":"https:\/\/www.maquinasaguia.com.br\/site\/wp-json\/wp\/v2\/types\/product"}],"replies":[{"embeddable":true,"href":"https:\/\/www.maquinasaguia.com.br\/site\/wp-json\/wp\/v2\/comments?post=313"}],"wp:featuredmedia":[{"embeddable":true,"href":"https:\/\/www.maquinasaguia.com.br\/site\/wp-json\/wp\/v2\/media\/704"}],"wp:attachment":[{"href":"https:\/\/www.maquinasaguia.com.br\/site\/wp-json\/wp\/v2\/media?parent=313"}],"wp:term":[{"taxonomy":"product_brand","embeddable":true,"href":"https:\/\/www.maquinasaguia.com.br\/site\/wp-json\/wp\/v2\/product_brand?post=313"},{"taxonomy":"product_cat","embeddable":true,"href":"https:\/\/www.maquinasaguia.com.br\/site\/wp-json\/wp\/v2\/product_cat?post=313"},{"taxonomy":"product_tag","embeddable":true,"href":"https:\/\/www.maquinasaguia.com.br\/site\/wp-json\/wp\/v2\/product_tag?post=313"}],"curies":[{"name":"wp","href":"https:\/\/api.w.org\/{rel}","templated":true}]}}