{"id":261,"date":"2014-04-22T15:27:57","date_gmt":"2014-04-22T15:27:57","guid":{"rendered":"http:\/\/www.maquinasaguia.com.br\/site\/?post_type=product&#038;p=261"},"modified":"2020-12-23T12:50:20","modified_gmt":"2020-12-23T12:50:20","slug":"lixadeira-de-uma-lixa-l12400","status":"publish","type":"product","link":"https:\/\/www.maquinasaguia.com.br\/site\/produto\/lixadeira-de-uma-lixa-l12400\/","title":{"rendered":"LIXADEIRA DE UMA LIXA &#8220;L1-2400&#8221;"},"content":{"rendered":"<p>Lixadeira para pe\u00e7as cil\u00edndricas, com UM GRUPO LIXADOR, podendo ser indicada para dar o acabamento produ\u00e7\u00e3o de cabos de vassouras e\/ou &#8220;prepara\u00e7\u00e3o&#8221; em cabos a serem &#8220;plastificados&#8221;.<\/p>\n<p>&nbsp;<\/p>\n<div class=\"title\"><h2> Dados T\u00e9cnicos <\/h2><div class=\"title-line-container\"><div class=\"title-line \"><\/div><\/div><\/div>\n<ul>\n<li>Alimenta\u00e7\u00e3o Manual (at\u00e9 26mm de \u00d8 ou &#8220;sob consulta&#8221; um cabo de at\u00e9 50mm de \u00d8 mediante a troca de pe\u00e7as);<\/li>\n<li>Avan\u00e7o autom\u00e1tico;<\/li>\n<li>Lixa recomendada: 2400mm x 150mm<\/li>\n<li>Motoriza\u00e7\u00e3o:<\/li>\n<\/ul>\n<p>Um motor de 0,5 c.v. para o sistema de avan\u00e7o.<br \/>\nUm motor de 3 c.v.para o sistema de acionamento da lixa.<\/p>\n<ul>\n<li>Produ\u00e7\u00e3o m\u00e9dia por hora-m\u00e1quina: <strong>625 pe\u00e7as de 1,2m (750m lineares).<\/strong><\/li>\n<\/ul>\n<div class=\"title\"><h2> Caracter\u00edsticas F\u00edsicas <\/h2><div class=\"title-line-container\"><div class=\"title-line \"><\/div><\/div><\/div>\n<ul>\n<li>Estrutura constru\u00edda em ferro fundido e perfis dobrados;<\/li>\n<li>Peso (l\u00edquido): 280 Kg.;<\/li>\n<li>Dimens\u00f5es (aproximadas): (L) 0,75m x (C) 0,90m x (A) 1,55m<\/li>\n<\/ul>\n","protected":false},"excerpt":{"rendered":"<p>A Lixadeira Simples pode ser indicada para dar o acabamento a produ\u00e7\u00e3o de cabos de vassouras e\/ou &#8220;prepara\u00e7\u00e3o&#8221; em cabos a serem &#8220;plastificados&#8221;.<\/p>\n","protected":false},"featured_media":916,"comment_status":"closed","ping_status":"closed","template":"","meta":[],"product_brand":[],"product_cat":[16,17],"product_tag":[],"class_list":{"0":"post-261","1":"product","2":"type-product","3":"status-publish","4":"has-post-thumbnail","6":"product_cat-beneficiamento","7":"product_cat-cabos-de-vassoura","9":"first","10":"instock","11":"shipping-taxable","12":"product-type-simple"},"_links":{"self":[{"href":"https:\/\/www.maquinasaguia.com.br\/site\/wp-json\/wp\/v2\/product\/261","targetHints":{"allow":["GET"]}}],"collection":[{"href":"https:\/\/www.maquinasaguia.com.br\/site\/wp-json\/wp\/v2\/product"}],"about":[{"href":"https:\/\/www.maquinasaguia.com.br\/site\/wp-json\/wp\/v2\/types\/product"}],"replies":[{"embeddable":true,"href":"https:\/\/www.maquinasaguia.com.br\/site\/wp-json\/wp\/v2\/comments?post=261"}],"wp:featuredmedia":[{"embeddable":true,"href":"https:\/\/www.maquinasaguia.com.br\/site\/wp-json\/wp\/v2\/media\/916"}],"wp:attachment":[{"href":"https:\/\/www.maquinasaguia.com.br\/site\/wp-json\/wp\/v2\/media?parent=261"}],"wp:term":[{"taxonomy":"product_brand","embeddable":true,"href":"https:\/\/www.maquinasaguia.com.br\/site\/wp-json\/wp\/v2\/product_brand?post=261"},{"taxonomy":"product_cat","embeddable":true,"href":"https:\/\/www.maquinasaguia.com.br\/site\/wp-json\/wp\/v2\/product_cat?post=261"},{"taxonomy":"product_tag","embeddable":true,"href":"https:\/\/www.maquinasaguia.com.br\/site\/wp-json\/wp\/v2\/product_tag?post=261"}],"curies":[{"name":"wp","href":"https:\/\/api.w.org\/{rel}","templated":true}]}}