{"id":2,"date":"2014-02-25T18:22:44","date_gmt":"2014-02-25T18:22:44","guid":{"rendered":"http:\/\/www.maquinasaguia.com.br\/site\/?page_id=2"},"modified":"2014-04-17T18:28:01","modified_gmt":"2014-04-17T18:28:01","slug":"a-empresa","status":"publish","type":"page","link":"https:\/\/www.maquinasaguia.com.br\/site\/a-empresa\/","title":{"rendered":"A empresa"},"content":{"rendered":"<div class=\"andalu-accordion\"> <h4><i class=\"section-icon fa fa-angle-right\"><\/i><span class=\"section-title\">Miss\u00e3o<\/span><\/h4><div><p>A &#8220;M\u00e1quinas \u00c1guia&#8221; tem como principal objetivo, fornecer produtos e servi\u00e7os, dentro de padr\u00f5es definidos, visando alcan\u00e7ar desta forma, a satisfa\u00e7\u00e3o das necessidades dos clientes.<\/p><\/div> <h4><i class=\"section-icon fa fa-angle-right\"><\/i><span class=\"section-title\">Vis\u00e3o<\/span><\/h4><div><p>Ser empresa refer\u00eancia nas \u00e1reas de serrarias, beneficiamento e aproveitamento de madeira, reconhecida por clientes, investidores, fornecedores e colaboradores, pela qualidade de relacionamento, assessoria t\u00e9cnica, produtos e servi\u00e7os.<\/p><\/div> <h4><i class=\"section-icon fa fa-angle-right\"><\/i><span class=\"section-title\">Valores<\/span><\/h4><div><p>\n&#8211; comprometimento<br \/>\n&#8211; sustentabilidade<br \/>\n&#8211; valoriza\u00e7\u00e3o humana<br \/>\n&#8211; inova\u00e7\u00e3o<br \/>\n&#8211; melhoria cont\u00ednua.<\/p><\/div> <\/div>\n<p align=\"justify\"><a href=\"http:\/\/www.maquinasaguia.com.br\/site\/wp-content\/uploads\/2014\/02\/a-empresa-maquinas-aguia-sjp.jpg\"><img loading=\"lazy\" decoding=\"async\" class=\"alignnone size-full wp-image-89\" alt=\"a-empresa-maquinas-aguia-sjp\" src=\"http:\/\/www.maquinasaguia.com.br\/site\/wp-content\/uploads\/2014\/02\/a-empresa-maquinas-aguia-sjp.jpg\" width=\"672\" height=\"280\" srcset=\"https:\/\/www.maquinasaguia.com.br\/site\/wp-content\/uploads\/2014\/02\/a-empresa-maquinas-aguia-sjp.jpg 672w, https:\/\/www.maquinasaguia.com.br\/site\/wp-content\/uploads\/2014\/02\/a-empresa-maquinas-aguia-sjp-300x125.jpg 300w\" sizes=\"auto, (max-width: 672px) 100vw, 672px\" \/><\/a><\/p>\n<p>A<strong> Ind. e Com. de M\u00e1quinas \u00c1guia Ltda<\/strong>. \u00e9 uma empresa fabricante de m\u00e1quinas para\u00a0Serraria com o foco na precis\u00e3o de corte e automa\u00e7\u00e3o; multil\u00e2minas, plainas,\u00a0fabrica\u00e7\u00e3o de m\u00e1quinas para cabos de vassouras e beneficiamento de madeira,\u00a0otimizando o aproveitamento e diminuindo o desperd\u00edcio da mesma, contando com\u00a0mais de 50 modelos de m\u00e1quinas espec\u00edficas, al\u00e9m de modifica\u00e7\u00f5es e m\u00e1quinas\u00a0especiais.<\/p>\n<p>A empresa al\u00e9m da qualidade e do diferencial no atendimento tamb\u00e9m presta servi\u00e7os\u00a0na restaura\u00e7\u00e3o de m\u00e1quinas, assist\u00eancia t\u00e9cnica e na \u00e1rea de ferramentaria, como\u00a0recupera\u00e7\u00e3o de pe\u00e7as, ferramentas, etc.<\/p>\n<p><a href=\"http:\/\/www.maquinasaguia.com.br\/site\/wp-content\/uploads\/2014\/02\/a-empresa-maquinas-aguia-sjp-antiga.jpg\"><img loading=\"lazy\" decoding=\"async\" class=\"alignnone size-full wp-image-91\" alt=\"a-empresa-maquinas-aguia-sjp-antiga\" src=\"http:\/\/www.maquinasaguia.com.br\/site\/wp-content\/uploads\/2014\/02\/a-empresa-maquinas-aguia-sjp-antiga.jpg\" width=\"672\" height=\"280\" srcset=\"https:\/\/www.maquinasaguia.com.br\/site\/wp-content\/uploads\/2014\/02\/a-empresa-maquinas-aguia-sjp-antiga.jpg 672w, https:\/\/www.maquinasaguia.com.br\/site\/wp-content\/uploads\/2014\/02\/a-empresa-maquinas-aguia-sjp-antiga-300x125.jpg 300w\" sizes=\"auto, (max-width: 672px) 100vw, 672px\" \/><\/a><\/p>\n<p>Fundada em 1969 e estabelecida na regi\u00e3o de S\u00e3o Jos\u00e9 dos Pinhais \/ PR. (regi\u00e3o\u00a0metropolitana de Curitiba) desde 1975, tornou-se Ind\u00fastria e Com\u00e9rcio de M\u00e1quinas\u00a0\u00c1guia Ltda.<\/p>\n<p>Ocupando uma \u00e1rea constru\u00edda de aproximadamente 2.000 m\u00b2, com \u00e1rea total da ordem\u00a0de 24.200 m\u00b2. Conta com a colabora\u00e7\u00e3o de aproximadamente 30 funcion\u00e1rios. Al\u00e9m da\u00a0venda direta pela f\u00e1brica, possu\u00edmos revendas nos estados de S\u00e3o Paulo (S\u00e3o Paulo),\u00a0Rio Grande do Sul (Porto Alegre), Santa Catarina (Joinville), Rond\u00f4nia (Ji-Paran\u00e1);\u00a0Al\u00e9m de todo o pa\u00eds, atende tamb\u00e9m os mercados do Mercosul, Am\u00e9rica Central,\u00a0Estados Unidos e parte da Europa.<\/p>\n<p style=\"text-align: center;\">&#8220;UTILIZE MADEIRA DE MANEJOS SUSTENT\u00c1VEIS.\u00a0PRESERVE O MEIO AMBIENTE.&#8221;<\/p>\n","protected":false},"excerpt":{"rendered":"<p>A Ind. e Com. de M\u00e1quinas \u00c1guia Ltda. \u00e9 uma empresa fabricante de m\u00e1quinas para\u00a0Serraria com o foco na precis\u00e3o de corte e automa\u00e7\u00e3o; multil\u00e2minas, plainas,\u00a0fabrica\u00e7\u00e3o de m\u00e1quinas para cabos de vassouras e beneficiamento de madeira,\u00a0otimizando o aproveitamento e diminuindo o desperd\u00edcio da mesma, contando com\u00a0mais de 50 modelos de m\u00e1quinas espec\u00edficas, al\u00e9m de modifica\u00e7\u00f5es [&hellip;]<\/p>\n","protected":false},"author":1,"featured_media":0,"parent":0,"menu_order":2,"comment_status":"closed","ping_status":"closed","template":"","meta":{"footnotes":""},"class_list":["post-2","page","type-page","status-publish","hentry"],"_links":{"self":[{"href":"https:\/\/www.maquinasaguia.com.br\/site\/wp-json\/wp\/v2\/pages\/2","targetHints":{"allow":["GET"]}}],"collection":[{"href":"https:\/\/www.maquinasaguia.com.br\/site\/wp-json\/wp\/v2\/pages"}],"about":[{"href":"https:\/\/www.maquinasaguia.com.br\/site\/wp-json\/wp\/v2\/types\/page"}],"author":[{"embeddable":true,"href":"https:\/\/www.maquinasaguia.com.br\/site\/wp-json\/wp\/v2\/users\/1"}],"replies":[{"embeddable":true,"href":"https:\/\/www.maquinasaguia.com.br\/site\/wp-json\/wp\/v2\/comments?post=2"}],"version-history":[{"count":16,"href":"https:\/\/www.maquinasaguia.com.br\/site\/wp-json\/wp\/v2\/pages\/2\/revisions"}],"predecessor-version":[{"id":217,"href":"https:\/\/www.maquinasaguia.com.br\/site\/wp-json\/wp\/v2\/pages\/2\/revisions\/217"}],"wp:attachment":[{"href":"https:\/\/www.maquinasaguia.com.br\/site\/wp-json\/wp\/v2\/media?parent=2"}],"curies":[{"name":"wp","href":"https:\/\/api.w.org\/{rel}","templated":true}]}}