{"id":879,"date":"2019-01-24T15:40:36","date_gmt":"2019-01-24T15:40:36","guid":{"rendered":"http:\/\/www.maquinasaguia.com.br\/site\/?post_type=product&#038;p=879"},"modified":"2019-02-11T13:40:27","modified_gmt":"2019-02-11T13:40:27","slug":"multi-processadora-de-blocos","status":"publish","type":"product","link":"http:\/\/www.maquinasaguia.com.br\/site\/produto\/multi-processadora-de-blocos\/","title":{"rendered":"MULTIPROCESSADOR DE BLOCOS"},"content":{"rendered":"<p>M\u00e1quina destinada \u00e0 desdobrar blocos em m\u00faltiplas t\u00e1buas, ripas ou r\u00e9guas em uma s\u00f3 passagem.<\/p>\n<p>Novidade no mercado, a Multi Processadora cria um <strong>NOVO CONCEITO EM SISTEMA DE CORTE<\/strong>, apresentando maior capacidade de cortes, gerando mais economia, e custo benef\u00edcio excelente.<\/p>\n<p><iframe loading=\"lazy\" src=\"https:\/\/www.youtube.com\/embed\/2lQb_7bzBo4\" width=\"640\" height=\"360\" frameborder=\"0\" allowfullscreen=\"allowfullscreen\"><\/iframe><\/p>\n<div class=\"title\"><h2> Dados T\u00e9cnicos <\/h2><div class=\"title-line-container\"><div class=\"title-line \"><\/div><\/div><\/div>\n<p><strong>-Altura de Corte:<\/strong> 160mm<\/p>\n<p><strong>-Largura de Passagem:<\/strong> 500mm<\/p>\n<p><strong>-Espessura do Corte:<\/strong> 2,3 a 2,6mm<\/p>\n<p><strong>-\u00d8 Do disco de serra:<\/strong> 200 a 260mm<\/p>\n<p><strong>-Medida entre cortes:<\/strong> An\u00e9is Separadores<\/p>\n<div class=\"title\"><h2> Caracter\u00edsticas F\u00edsicas <\/h2><div class=\"title-line-container\"><div class=\"title-line \"><\/div><\/div><\/div>\n<p>-Eixo superior Regul\u00e1vel (opcional)<\/p>\n<p>-Troca de l\u00e2minas de serra, por sistema de cartucho<\/p>\n<p>-Todos os Rolos Tracionados<\/p>\n<p>-Sistema El\u00e9trico de Seguran\u00e7a<\/p>\n<p>-L\u00e2minas de Serra Sugerida: <em>L\u00e2minas Especiais <strong>SIROMAT.<\/strong><\/em><\/p>\n","protected":false},"excerpt":{"rendered":"<p>Serra Circular M\u00faltipla com duplo eixo, sendo o superior com regulagem de altura. Utiliza l\u00e2minas especiais com corte mais fino. M\u00e1quina para trabalhar com madeira reflorestada e nativa.<\/p>\n","protected":false},"featured_media":890,"comment_status":"closed","ping_status":"closed","template":"","meta":[],"product_brand":[],"product_cat":[15,25],"product_tag":[],"class_list":{"0":"post-879","1":"product","2":"type-product","3":"status-publish","4":"has-post-thumbnail","6":"product_cat-serraria","7":"product_cat-serras-circulares-serraria","9":"first","10":"instock","11":"shipping-taxable","12":"product-type-simple"},"_links":{"self":[{"href":"http:\/\/www.maquinasaguia.com.br\/site\/wp-json\/wp\/v2\/product\/879","targetHints":{"allow":["GET"]}}],"collection":[{"href":"http:\/\/www.maquinasaguia.com.br\/site\/wp-json\/wp\/v2\/product"}],"about":[{"href":"http:\/\/www.maquinasaguia.com.br\/site\/wp-json\/wp\/v2\/types\/product"}],"replies":[{"embeddable":true,"href":"http:\/\/www.maquinasaguia.com.br\/site\/wp-json\/wp\/v2\/comments?post=879"}],"wp:featuredmedia":[{"embeddable":true,"href":"http:\/\/www.maquinasaguia.com.br\/site\/wp-json\/wp\/v2\/media\/890"}],"wp:attachment":[{"href":"http:\/\/www.maquinasaguia.com.br\/site\/wp-json\/wp\/v2\/media?parent=879"}],"wp:term":[{"taxonomy":"product_brand","embeddable":true,"href":"http:\/\/www.maquinasaguia.com.br\/site\/wp-json\/wp\/v2\/product_brand?post=879"},{"taxonomy":"product_cat","embeddable":true,"href":"http:\/\/www.maquinasaguia.com.br\/site\/wp-json\/wp\/v2\/product_cat?post=879"},{"taxonomy":"product_tag","embeddable":true,"href":"http:\/\/www.maquinasaguia.com.br\/site\/wp-json\/wp\/v2\/product_tag?post=879"}],"curies":[{"name":"wp","href":"https:\/\/api.w.org\/{rel}","templated":true}]}}