{"id":870,"date":"2018-03-01T14:08:24","date_gmt":"2018-03-01T14:08:24","guid":{"rendered":"http:\/\/www.maquinasaguia.com.br\/site\/?post_type=product&#038;p=870"},"modified":"2018-03-01T14:17:22","modified_gmt":"2018-03-01T14:17:22","slug":"dip-destopadeira-inferior-pneumatica","status":"publish","type":"product","link":"http:\/\/www.maquinasaguia.com.br\/site\/produto\/dip-destopadeira-inferior-pneumatica\/","title":{"rendered":"DIP- Destopadeira Inferior Pneum\u00e1tica"},"content":{"rendered":"<p>Serra circular &#8220;destopadeira&#8221;, com sistema de acionamento &#8220;pneum\u00e1tico&#8221; INFERIOR, permite efetuar cortes com grande velocidade e precis\u00e3o e seguran\u00e7a.<br \/>\nRecomendada para destopo de t\u00e1buas e pranchas.<br \/>\nPodendo ser utilizada em diversas aplica\u00e7\u00f5es, como por exemplo: Ind\u00fastria moveleira, madeireiras e Serrarias.<br \/>\nConta com prote\u00e7\u00e3o na &#8220;mesa&#8221; para a l\u00e2mina, com eixo &#8220;embutido&#8221; na estrutura da m\u00e1quina.<br \/>\nSistema de pressor e movimenta\u00e7\u00e3o da l\u00e2mina por cilindros pneum\u00e1ticos.<br \/>\n<div class=\"title\"><h2> Dados T\u00e9cnicos <\/h2><div class=\"title-line-container\"><div class=\"title-line \"><\/div><\/div><\/div>\n<p>Funcionam por ciclo autom\u00e1tico com os seguintes movimentos seq\u00fcenciais:<\/p>\n<p>1-Fixar a madeira com a pr\u00f3pria prote\u00e7\u00e3o do disco da serra<\/p>\n<p>2-Avan\u00e7o para corte**<\/p>\n<p>3-Retorno<\/p>\n<p>4-Liberar a madeira.<\/p>\n<p>**O comando bi-manual garante seguran\u00e7a no trabalho e sua forma construtiva permite agilidade na produ\u00e7\u00e3o.<\/p>\n<p>&nbsp;<\/p>\n<div class=\"title\"><h2> Caracter\u00edsticas F\u00edsicas <\/h2><div class=\"title-line-container\"><div class=\"title-line \"><\/div><\/div><\/div>\n<p>Modelos dispon\u00edveis: DIP-35, DIP-45, DIP-55<\/p>\n<p>(o modelo varia de acordo com a l\u00e2mina: exemplo <strong>DIP-35<\/strong> [serra de <strong>350mm de Di\u00e2metro<\/strong>] bem como o tamanho da estrutura)<\/p>\n<p>O modelo da m\u00e1quina est\u00e1 diretamente ligado ao tamanho de sua mesa e l\u00e2mina a ser usada.<\/p>\n<p>Estrutura constru\u00edda em chapas oxi-cortadas.<\/p>\n<p>MESA DE ENTRADA E SA\u00cdDA DA MADEIRA &#8211; OPCIONAL<\/p>\n","protected":false},"excerpt":{"rendered":"<p>&nbsp;<\/p>\n<p>&nbsp;<\/p>\n<p>&nbsp;<\/p>\n","protected":false},"featured_media":871,"comment_status":"closed","ping_status":"closed","template":"","meta":[],"product_brand":[],"product_cat":[16,15,18,25],"product_tag":[],"class_list":{"0":"post-870","1":"product","2":"type-product","3":"status-publish","4":"has-post-thumbnail","6":"product_cat-beneficiamento","7":"product_cat-serraria","8":"product_cat-serras-circulares","9":"product_cat-serras-circulares-serraria","11":"first","12":"instock","13":"shipping-taxable","14":"product-type-simple"},"_links":{"self":[{"href":"http:\/\/www.maquinasaguia.com.br\/site\/wp-json\/wp\/v2\/product\/870","targetHints":{"allow":["GET"]}}],"collection":[{"href":"http:\/\/www.maquinasaguia.com.br\/site\/wp-json\/wp\/v2\/product"}],"about":[{"href":"http:\/\/www.maquinasaguia.com.br\/site\/wp-json\/wp\/v2\/types\/product"}],"replies":[{"embeddable":true,"href":"http:\/\/www.maquinasaguia.com.br\/site\/wp-json\/wp\/v2\/comments?post=870"}],"wp:featuredmedia":[{"embeddable":true,"href":"http:\/\/www.maquinasaguia.com.br\/site\/wp-json\/wp\/v2\/media\/871"}],"wp:attachment":[{"href":"http:\/\/www.maquinasaguia.com.br\/site\/wp-json\/wp\/v2\/media?parent=870"}],"wp:term":[{"taxonomy":"product_brand","embeddable":true,"href":"http:\/\/www.maquinasaguia.com.br\/site\/wp-json\/wp\/v2\/product_brand?post=870"},{"taxonomy":"product_cat","embeddable":true,"href":"http:\/\/www.maquinasaguia.com.br\/site\/wp-json\/wp\/v2\/product_cat?post=870"},{"taxonomy":"product_tag","embeddable":true,"href":"http:\/\/www.maquinasaguia.com.br\/site\/wp-json\/wp\/v2\/product_tag?post=870"}],"curies":[{"name":"wp","href":"https:\/\/api.w.org\/{rel}","templated":true}]}}