{"id":577,"date":"2014-05-02T18:36:46","date_gmt":"2014-05-02T18:36:46","guid":{"rendered":"http:\/\/www.maquinasaguia.com.br\/site\/?post_type=product&#038;p=577"},"modified":"2018-10-15T12:07:53","modified_gmt":"2018-10-15T12:07:53","slug":"afiadeira-para-serras-de-fita-e-circulares-a-2","status":"publish","type":"product","link":"http:\/\/www.maquinasaguia.com.br\/site\/produto\/afiadeira-para-serras-de-fita-e-circulares-a-2\/","title":{"rendered":"AFIADEIRA PARA SERRAS DE FITA  A-2"},"content":{"rendered":"<p>M\u00e1quina para afia\u00e7\u00e3o de serras de fita de a\u00e7o carbono ou ligado.<\/p>\n<div class=\"title\"><h2> Dados T\u00e9cnicos <\/h2><div class=\"title-line-container\"><div class=\"title-line \"><\/div><\/div><\/div>\n<ul>\n<li>Modelo aprovado por in\u00fameros clientes no Brasil e no mundo<\/li>\n<li>Sua constru\u00e7\u00e3o robusta garante:<\/li>\n<\/ul>\n<p>-\u00e0 alta precis\u00e3o<br \/>\n-\u00e0 excelente repetibilidade da afia\u00e7\u00e3o (dentes com formato igual)<\/p>\n<ul>\n<li>Avan\u00e7o em velocidade baixa permite maior precis\u00e3o<\/li>\n<li>Retorno r\u00e1pido garante maior produ\u00e7\u00e3o<\/li>\n<li>Afia\u00e7\u00e3o em v\u00e1rias velocidades<\/li>\n<li>Caixa dos exc\u00eantricos em banho de \u00f3leo<\/li>\n<li>Eficiente exaust\u00e3o do p\u00f3 do rebolo \u2013 longa vida \u00fatil<\/li>\n<\/ul>\n<div class=\"title\"><h2> Caracter\u00edsticas F\u00edsicas <\/h2><div class=\"title-line-container\"><div class=\"title-line \"><\/div><\/div><\/div>\n<ul>\n<li>Largura das l\u00e2minas de serras de fita: 50 mm a 225 mm<\/li>\n<\/ul>\n","protected":false},"excerpt":{"rendered":"<p>M\u00e1quina para afia\u00e7\u00e3o de serras de fita.<\/p>\n","protected":false},"featured_media":725,"comment_status":"closed","ping_status":"closed","template":"","meta":[],"product_brand":[],"product_cat":[28,15],"product_tag":[],"class_list":{"0":"post-577","1":"product","2":"type-product","3":"status-publish","4":"has-post-thumbnail","6":"product_cat-equipamento-complementar","7":"product_cat-serraria","9":"first","10":"instock","11":"shipping-taxable","12":"product-type-simple"},"_links":{"self":[{"href":"http:\/\/www.maquinasaguia.com.br\/site\/wp-json\/wp\/v2\/product\/577","targetHints":{"allow":["GET"]}}],"collection":[{"href":"http:\/\/www.maquinasaguia.com.br\/site\/wp-json\/wp\/v2\/product"}],"about":[{"href":"http:\/\/www.maquinasaguia.com.br\/site\/wp-json\/wp\/v2\/types\/product"}],"replies":[{"embeddable":true,"href":"http:\/\/www.maquinasaguia.com.br\/site\/wp-json\/wp\/v2\/comments?post=577"}],"wp:featuredmedia":[{"embeddable":true,"href":"http:\/\/www.maquinasaguia.com.br\/site\/wp-json\/wp\/v2\/media\/725"}],"wp:attachment":[{"href":"http:\/\/www.maquinasaguia.com.br\/site\/wp-json\/wp\/v2\/media?parent=577"}],"wp:term":[{"taxonomy":"product_brand","embeddable":true,"href":"http:\/\/www.maquinasaguia.com.br\/site\/wp-json\/wp\/v2\/product_brand?post=577"},{"taxonomy":"product_cat","embeddable":true,"href":"http:\/\/www.maquinasaguia.com.br\/site\/wp-json\/wp\/v2\/product_cat?post=577"},{"taxonomy":"product_tag","embeddable":true,"href":"http:\/\/www.maquinasaguia.com.br\/site\/wp-json\/wp\/v2\/product_tag?post=577"}],"curies":[{"name":"wp","href":"https:\/\/api.w.org\/{rel}","templated":true}]}}