{"id":575,"date":"2014-05-02T18:24:40","date_gmt":"2014-05-02T18:24:40","guid":{"rendered":"http:\/\/www.maquinasaguia.com.br\/site\/?post_type=product&#038;p=575"},"modified":"2014-05-02T18:24:40","modified_gmt":"2014-05-02T18:24:40","slug":"igualador","status":"publish","type":"product","link":"http:\/\/www.maquinasaguia.com.br\/site\/produto\/igualador\/","title":{"rendered":"IGUALADOR"},"content":{"rendered":"<p>Para obter uma superf\u00edcie lisa da madeira ap\u00f3s o corte, \u00e9 indispens\u00e1vel igualar a largura os dentes na sua aresta cortante. Esta opera\u00e7\u00e3o \u00e9 feita com este aparelho que \u00e9 fabricado com modelo \u00fanico.<\/p>\n","protected":false},"excerpt":{"rendered":"<p>Para obter uma superf\u00edcie lisa da madeira ap\u00f3s o corte, \u00e9 indispens\u00e1vel igualar a largura os dentes na sua aresta cortante. Esta opera\u00e7\u00e3o \u00e9 feita com este aparelho que \u00e9 fabricado com modelo \u00fanico.<\/p>\n","protected":false},"featured_media":576,"comment_status":"closed","ping_status":"closed","template":"","meta":[],"product_brand":[],"product_cat":[28,15],"product_tag":[],"class_list":{"0":"post-575","1":"product","2":"type-product","3":"status-publish","4":"has-post-thumbnail","6":"product_cat-equipamento-complementar","7":"product_cat-serraria","9":"first","10":"instock","11":"shipping-taxable","12":"product-type-simple"},"_links":{"self":[{"href":"http:\/\/www.maquinasaguia.com.br\/site\/wp-json\/wp\/v2\/product\/575","targetHints":{"allow":["GET"]}}],"collection":[{"href":"http:\/\/www.maquinasaguia.com.br\/site\/wp-json\/wp\/v2\/product"}],"about":[{"href":"http:\/\/www.maquinasaguia.com.br\/site\/wp-json\/wp\/v2\/types\/product"}],"replies":[{"embeddable":true,"href":"http:\/\/www.maquinasaguia.com.br\/site\/wp-json\/wp\/v2\/comments?post=575"}],"wp:featuredmedia":[{"embeddable":true,"href":"http:\/\/www.maquinasaguia.com.br\/site\/wp-json\/wp\/v2\/media\/576"}],"wp:attachment":[{"href":"http:\/\/www.maquinasaguia.com.br\/site\/wp-json\/wp\/v2\/media?parent=575"}],"wp:term":[{"taxonomy":"product_brand","embeddable":true,"href":"http:\/\/www.maquinasaguia.com.br\/site\/wp-json\/wp\/v2\/product_brand?post=575"},{"taxonomy":"product_cat","embeddable":true,"href":"http:\/\/www.maquinasaguia.com.br\/site\/wp-json\/wp\/v2\/product_cat?post=575"},{"taxonomy":"product_tag","embeddable":true,"href":"http:\/\/www.maquinasaguia.com.br\/site\/wp-json\/wp\/v2\/product_tag?post=575"}],"curies":[{"name":"wp","href":"https:\/\/api.w.org\/{rel}","templated":true}]}}