{"id":570,"date":"2014-05-02T18:17:44","date_gmt":"2014-05-02T18:17:44","guid":{"rendered":"http:\/\/www.maquinasaguia.com.br\/site\/?post_type=product&#038;p=570"},"modified":"2014-05-02T18:17:44","modified_gmt":"2014-05-02T18:17:44","slug":"laminadeira-tensionadora","status":"publish","type":"product","link":"http:\/\/www.maquinasaguia.com.br\/site\/produto\/laminadeira-tensionadora\/","title":{"rendered":"LAMINADEIRA &#8211; &#8220;TENSIONADORA&#8221;"},"content":{"rendered":"<p>O tensionamento (lamina\u00e7\u00e3o) de uma l\u00e2mina de a\u00e7o plano \u00e9 o processo utilizado para estabiliz\u00e1-la sobre os<br \/>\nvolantes da serra de fita. Inicialmente \u00e9 necess\u00e1rio endireitar a l\u00e2mina em todas as partes que ela esteja deformada, incluindo a emenda e depois \u00e9 feito o tensionamento em todo o seu comprimento.<\/p>\n<div class=\"title\"><h2> Dados T\u00e9cnicos <\/h2><div class=\"title-line-container\"><div class=\"title-line \"><\/div><\/div><\/div>\n<ul>\n<li>Comandos da m\u00e1quina bem localizados<\/li>\n<li>O ajuste a \u201czero\u201d da escala de press\u00e3o, facilita uniformizar o tensionamento<\/li>\n<\/ul>\n<div class=\"title\"><h2> Caracter\u00edsticas F\u00edsicas <\/h2><div class=\"title-line-container\"><div class=\"title-line \"><\/div><\/div><\/div>\n<ul>\n<li>Largura m\u00e1xima das serras de fita: 255 mm<\/li>\n<\/ul>\n","protected":false},"excerpt":{"rendered":"<p>O tensionamento (lamina\u00e7\u00e3o) de uma l\u00e2mina de a\u00e7o plano \u00e9 o processo utilizado para estabiliz\u00e1-la sobre os volantes da serra de fita. Inicialmente \u00e9 necess\u00e1rio endireitar a l\u00e2mina em todas as partes que ela esteja deformada, incluindo a emenda e depois \u00e9 feito o tensionamento em todo o seu comprimento. Comandos da m\u00e1quina bem localizados [&hellip;]<\/p>\n","protected":false},"featured_media":571,"comment_status":"closed","ping_status":"closed","template":"","meta":[],"product_brand":[],"product_cat":[28,15],"product_tag":[],"class_list":{"0":"post-570","1":"product","2":"type-product","3":"status-publish","4":"has-post-thumbnail","6":"product_cat-equipamento-complementar","7":"product_cat-serraria","9":"first","10":"instock","11":"shipping-taxable","12":"product-type-simple"},"_links":{"self":[{"href":"http:\/\/www.maquinasaguia.com.br\/site\/wp-json\/wp\/v2\/product\/570","targetHints":{"allow":["GET"]}}],"collection":[{"href":"http:\/\/www.maquinasaguia.com.br\/site\/wp-json\/wp\/v2\/product"}],"about":[{"href":"http:\/\/www.maquinasaguia.com.br\/site\/wp-json\/wp\/v2\/types\/product"}],"replies":[{"embeddable":true,"href":"http:\/\/www.maquinasaguia.com.br\/site\/wp-json\/wp\/v2\/comments?post=570"}],"wp:featuredmedia":[{"embeddable":true,"href":"http:\/\/www.maquinasaguia.com.br\/site\/wp-json\/wp\/v2\/media\/571"}],"wp:attachment":[{"href":"http:\/\/www.maquinasaguia.com.br\/site\/wp-json\/wp\/v2\/media?parent=570"}],"wp:term":[{"taxonomy":"product_brand","embeddable":true,"href":"http:\/\/www.maquinasaguia.com.br\/site\/wp-json\/wp\/v2\/product_brand?post=570"},{"taxonomy":"product_cat","embeddable":true,"href":"http:\/\/www.maquinasaguia.com.br\/site\/wp-json\/wp\/v2\/product_cat?post=570"},{"taxonomy":"product_tag","embeddable":true,"href":"http:\/\/www.maquinasaguia.com.br\/site\/wp-json\/wp\/v2\/product_tag?post=570"}],"curies":[{"name":"wp","href":"https:\/\/api.w.org\/{rel}","templated":true}]}}