{"id":560,"date":"2014-05-02T17:28:00","date_gmt":"2014-05-02T17:28:00","guid":{"rendered":"http:\/\/www.maquinasaguia.com.br\/site\/?post_type=product&#038;p=560"},"modified":"2023-05-08T20:24:41","modified_gmt":"2023-05-08T20:24:41","slug":"unitizador-de-toras-ou-tabuas","status":"publish","type":"product","link":"http:\/\/www.maquinasaguia.com.br\/site\/produto\/unitizador-de-toras-ou-tabuas\/","title":{"rendered":"UNITIZADOR DE TORAS OU T\u00c1BUAS"},"content":{"rendered":"<p>Unitizadores s\u00e3o necess\u00e1rios para alimentar linhas de alta produ\u00e7\u00e3o.<\/p>\n<ul>\n<li>UNITIZADOR DE TORAS<\/li>\n<\/ul>\n<p>Tem a fun\u00e7\u00e3o de separar, individualizar as toras, trazidas por m\u00e1quinas carregadeiras em feixes ou pacotes e garantir que sejam entregues ao processamento uma a uma no ritmo desejado.<\/p>\n<ul>\n<li>UNITIZADOR DE T\u00c1BUAS<\/li>\n<\/ul>\n<p>Tem a fun\u00e7\u00e3o de separar &#8211; individualizar t\u00e1buas, quando no final do processo de corte chegam desordenadamente e amontoadas sem crit\u00e9rio, permitindo com isto seu empilhamento ou gradeamento em processo autom\u00e1tico.<\/p>\n","protected":false},"excerpt":{"rendered":"<p>Tem a fun\u00e7\u00e3o de separar e individualizar as t\u00e1buas.<\/p>\n","protected":false},"featured_media":926,"comment_status":"closed","ping_status":"closed","template":"","meta":[],"product_brand":[],"product_cat":[28,15],"product_tag":[],"class_list":{"0":"post-560","1":"product","2":"type-product","3":"status-publish","4":"has-post-thumbnail","6":"product_cat-equipamento-complementar","7":"product_cat-serraria","9":"first","10":"instock","11":"shipping-taxable","12":"product-type-simple"},"_links":{"self":[{"href":"http:\/\/www.maquinasaguia.com.br\/site\/wp-json\/wp\/v2\/product\/560","targetHints":{"allow":["GET"]}}],"collection":[{"href":"http:\/\/www.maquinasaguia.com.br\/site\/wp-json\/wp\/v2\/product"}],"about":[{"href":"http:\/\/www.maquinasaguia.com.br\/site\/wp-json\/wp\/v2\/types\/product"}],"replies":[{"embeddable":true,"href":"http:\/\/www.maquinasaguia.com.br\/site\/wp-json\/wp\/v2\/comments?post=560"}],"wp:featuredmedia":[{"embeddable":true,"href":"http:\/\/www.maquinasaguia.com.br\/site\/wp-json\/wp\/v2\/media\/926"}],"wp:attachment":[{"href":"http:\/\/www.maquinasaguia.com.br\/site\/wp-json\/wp\/v2\/media?parent=560"}],"wp:term":[{"taxonomy":"product_brand","embeddable":true,"href":"http:\/\/www.maquinasaguia.com.br\/site\/wp-json\/wp\/v2\/product_brand?post=560"},{"taxonomy":"product_cat","embeddable":true,"href":"http:\/\/www.maquinasaguia.com.br\/site\/wp-json\/wp\/v2\/product_cat?post=560"},{"taxonomy":"product_tag","embeddable":true,"href":"http:\/\/www.maquinasaguia.com.br\/site\/wp-json\/wp\/v2\/product_tag?post=560"}],"curies":[{"name":"wp","href":"https:\/\/api.w.org\/{rel}","templated":true}]}}