{"id":553,"date":"2014-05-02T17:00:43","date_gmt":"2014-05-02T17:00:43","guid":{"rendered":"http:\/\/www.maquinasaguia.com.br\/site\/?post_type=product&#038;p=553"},"modified":"2018-10-30T19:35:56","modified_gmt":"2018-10-30T19:35:56","slug":"serras-de-fita-geminadas-gemeas","status":"publish","type":"product","link":"http:\/\/www.maquinasaguia.com.br\/site\/produto\/serras-de-fita-geminadas-gemeas\/","title":{"rendered":"SERRAS DE FITA GEMINADAS &#8220;G\u00caMEAS&#8221;"},"content":{"rendered":"<p>S\u00e3o m\u00e1quinas para iniciar o processo de corte em toras com di\u00e2metros menores (normalmente de origem reflorestada). Por raz\u00e3o de seu conceito construtivo, destinam-se a ind\u00fastrias de alta produ\u00e7\u00e3o. Executam dois cortes simult\u00e2neos nas toras, estejam elas previamente descascadas ou n\u00e3o. Os cortes restantes dever\u00e3o ser feitos em outras m\u00e1quinas. Resumindo, nelas se produzem blocos de duas faces que facilitam o seu desdobramento em outros equipamentos, na seq\u00fc\u00eancia do processo.<br \/>\nElas necessitam um sistema de entrada para as toras e de um sistema de sa\u00edda para o bloco central com separa\u00e7\u00e3o autom\u00e1tica das costaneiras.<\/p>\n<div class=\"title\"><h2> Dados T\u00e9cnicos <\/h2><div class=\"title-line-container\"><div class=\"title-line \"><\/div><\/div><\/div>\n<p>Quanto maior o tamanho da m\u00e1quina maior pode ser a velocidade de avan\u00e7o e melhor ser\u00e1 sua precis\u00e3o de corte. O cliente escolher\u00e1 sua m\u00e1quina em fun\u00e7\u00e3o de suas necessidades. Todas as m\u00e1quinas tem o mesmo padr\u00e3o de qualidade, diferenciando-se os v\u00e1rios tipos por sua produtividade.<\/p>\n<div class=\"wordpress_embed\"><iframe loading=\"lazy\" width=\"960\" height=\"540\" src=\"https:\/\/www.youtube.com\/embed\/mHVW2Am-YOk?feature=oembed\" frameborder=\"0\" allow=\"accelerometer; autoplay; encrypted-media; gyroscope; picture-in-picture\" allowfullscreen><\/iframe><\/div>\n<div class=\"title\"><h2> Caracter\u00edsticas F\u00edsicas <\/h2><div class=\"title-line-container\"><div class=\"title-line \"><\/div><\/div><\/div>\n<ul>\n<li>Tensionamento eletro-hidr\u00e1ulico da l\u00e2mina de serra (mec\u00e2nico sob pedido)<\/li>\n<li>Mecanismo compensador de alinhamento do volante superior<\/li>\n<li>Eficaz sistema de freio dos volantes<\/li>\n<li>Balanceamento din\u00e2mico rigoroso das pe\u00e7as girat\u00f3rias<\/li>\n<li>Guias da lamina de baixo atrito<\/li>\n<li>Velocidade de avan\u00e7o vari\u00e1vel ou fixa dependendo da defini\u00e7\u00e3o do cliente<\/li>\n<li>Sistema de medidas (eletr\u00f4nico \u2013 CLP, pneum\u00e1tico ou manual)<\/li>\n<li>Sistema de alimenta\u00e7\u00e3o e sa\u00edda SAS<\/li>\n<\/ul>\n<p>&nbsp;<\/p>\n<table border=\"1\" cellspacing=\"0\" cellpadding=\"0\">\n<tbody>\n<tr>\n<td valign=\"top\" width=\"238\">\n<p align=\"center\"><b>M\u00c1QUINA<\/b><\/p>\n<\/td>\n<td valign=\"top\" width=\"238\">\n<p align=\"center\"><b>VOLANTES\u00a0<\/b><b>\u00d8 mm<\/b><\/p>\n<\/td>\n<\/tr>\n<tr>\n<td valign=\"top\" width=\"238\">\n<p align=\"center\">SFG &#8211; 1100<\/p>\n<\/td>\n<td valign=\"top\" width=\"238\">\n<p align=\"center\">1.1OO<\/p>\n<\/td>\n<\/tr>\n<tr>\n<td valign=\"top\" width=\"238\">\n<p align=\"center\">SFG &#8211; 1250<\/p>\n<\/td>\n<td valign=\"top\" width=\"238\">\n<p align=\"center\">1.250<\/p>\n<\/td>\n<\/tr>\n<tr>\n<td valign=\"top\" width=\"238\">\n<p align=\"center\">SFG &#8211; 1350<\/p>\n<\/td>\n<td valign=\"top\" width=\"238\">\n<p align=\"center\">1.350<\/p>\n<\/td>\n<\/tr>\n<tr>\n<td valign=\"top\" width=\"238\">\n<p align=\"center\">SFG &#8211; 1500<\/p>\n<\/td>\n<td valign=\"top\" width=\"238\">\n<p align=\"center\">1.500<\/p>\n<\/td>\n<\/tr>\n<\/tbody>\n<\/table>\n","protected":false},"excerpt":{"rendered":"<p>S\u00e3o m\u00e1quinas para iniciar o processo de corte em toras com di\u00e2metros menores (normalmente de origem reflorestada)<\/p>\n","protected":false},"featured_media":862,"comment_status":"closed","ping_status":"closed","template":"","meta":[],"product_brand":[],"product_cat":[15,23,26],"product_tag":[],"class_list":{"0":"post-553","1":"product","2":"type-product","3":"status-publish","4":"has-post-thumbnail","6":"product_cat-serraria","7":"product_cat-serras-de-fita","8":"product_cat-serras-gemeas","10":"first","11":"instock","12":"shipping-taxable","13":"product-type-simple"},"_links":{"self":[{"href":"http:\/\/www.maquinasaguia.com.br\/site\/wp-json\/wp\/v2\/product\/553","targetHints":{"allow":["GET"]}}],"collection":[{"href":"http:\/\/www.maquinasaguia.com.br\/site\/wp-json\/wp\/v2\/product"}],"about":[{"href":"http:\/\/www.maquinasaguia.com.br\/site\/wp-json\/wp\/v2\/types\/product"}],"replies":[{"embeddable":true,"href":"http:\/\/www.maquinasaguia.com.br\/site\/wp-json\/wp\/v2\/comments?post=553"}],"wp:featuredmedia":[{"embeddable":true,"href":"http:\/\/www.maquinasaguia.com.br\/site\/wp-json\/wp\/v2\/media\/862"}],"wp:attachment":[{"href":"http:\/\/www.maquinasaguia.com.br\/site\/wp-json\/wp\/v2\/media?parent=553"}],"wp:term":[{"taxonomy":"product_brand","embeddable":true,"href":"http:\/\/www.maquinasaguia.com.br\/site\/wp-json\/wp\/v2\/product_brand?post=553"},{"taxonomy":"product_cat","embeddable":true,"href":"http:\/\/www.maquinasaguia.com.br\/site\/wp-json\/wp\/v2\/product_cat?post=553"},{"taxonomy":"product_tag","embeddable":true,"href":"http:\/\/www.maquinasaguia.com.br\/site\/wp-json\/wp\/v2\/product_tag?post=553"}],"curies":[{"name":"wp","href":"https:\/\/api.w.org\/{rel}","templated":true}]}}