{"id":550,"date":"2014-05-02T16:51:39","date_gmt":"2014-05-02T16:51:39","guid":{"rendered":"http:\/\/www.maquinasaguia.com.br\/site\/?post_type=product&#038;p=550"},"modified":"2015-10-09T15:25:49","modified_gmt":"2015-10-09T15:25:49","slug":"transportador-correntes-transversais-ct-ctt","status":"publish","type":"product","link":"http:\/\/www.maquinasaguia.com.br\/site\/produto\/transportador-correntes-transversais-ct-ctt\/","title":{"rendered":"TRANSPORTADOR CORRENTES TRANSVERSAIS &#8220;CT &#8211; CTT&#8221;"},"content":{"rendered":"<p>A pesada movimenta\u00e7\u00e3o da madeira em toras e os altos custos da m\u00e3o de obra, tornam quase indispens\u00e1vel a instala\u00e7\u00e3o de transportadores de correntes transversais nas serrarias.<\/p>\n<p>T\u00e1buas, toras, costaneiras, enfim, os produtos acabados ou em processo, podem ser movimentados com facilidade por sistemas de transportadores desde a alimenta\u00e7\u00e3o das m\u00e1quinas como no encaminhamento entre elas.<\/p>\n<p>Uma boa configura\u00e7\u00e3o dos transportadores agiliza e facilita muito o processo produtivo, como evita fadiga dos operadores das m\u00e1quinas.<\/p>\n<div class=\"title\"><h2> Dados T\u00e9cnicos <\/h2><div class=\"title-line-container\"><div class=\"title-line \"><\/div><\/div><\/div>\n<p>S\u00e3o muitos os modelos, tipos de transportadores dispon\u00edveis, sendo que o modelo \u00e9 escolhido de acordo com as necessidades de cada movimenta\u00e7\u00e3o:<\/p>\n<ul>\n<li>CT &#8211; Correntes transversais para m\u00faltiplas fun\u00e7\u00f5es medias e leves.<\/li>\n<\/ul>\n<p><strong>Modelos mais usados:<\/strong> CT-19, CT-25, CT-32, CT-36, CT-50, CT-60, CT-76, CT-100, CT-127<\/p>\n<ul>\n<li>CTT \u2013 Correntes transversais para toras e blocos.<\/li>\n<\/ul>\n<p><strong>Modelos mais usados:<\/strong> CTT-60R, CTT-76, CTT-78, CTT-127<\/p>\n","protected":false},"excerpt":{"rendered":"<p>Transportadores de correntes transversais \u00a0auxiliam no transporte \u00a0de t\u00e1buas, toras, costaneiras. S\u00e3o indispens\u00e1veis na log\u00edstica de uma Serraria.<\/p>\n","protected":false},"featured_media":764,"comment_status":"closed","ping_status":"closed","template":"","meta":[],"product_brand":[],"product_cat":[28,15],"product_tag":[],"class_list":{"0":"post-550","1":"product","2":"type-product","3":"status-publish","4":"has-post-thumbnail","6":"product_cat-equipamento-complementar","7":"product_cat-serraria","9":"first","10":"instock","11":"shipping-taxable","12":"product-type-simple"},"_links":{"self":[{"href":"http:\/\/www.maquinasaguia.com.br\/site\/wp-json\/wp\/v2\/product\/550","targetHints":{"allow":["GET"]}}],"collection":[{"href":"http:\/\/www.maquinasaguia.com.br\/site\/wp-json\/wp\/v2\/product"}],"about":[{"href":"http:\/\/www.maquinasaguia.com.br\/site\/wp-json\/wp\/v2\/types\/product"}],"replies":[{"embeddable":true,"href":"http:\/\/www.maquinasaguia.com.br\/site\/wp-json\/wp\/v2\/comments?post=550"}],"wp:featuredmedia":[{"embeddable":true,"href":"http:\/\/www.maquinasaguia.com.br\/site\/wp-json\/wp\/v2\/media\/764"}],"wp:attachment":[{"href":"http:\/\/www.maquinasaguia.com.br\/site\/wp-json\/wp\/v2\/media?parent=550"}],"wp:term":[{"taxonomy":"product_brand","embeddable":true,"href":"http:\/\/www.maquinasaguia.com.br\/site\/wp-json\/wp\/v2\/product_brand?post=550"},{"taxonomy":"product_cat","embeddable":true,"href":"http:\/\/www.maquinasaguia.com.br\/site\/wp-json\/wp\/v2\/product_cat?post=550"},{"taxonomy":"product_tag","embeddable":true,"href":"http:\/\/www.maquinasaguia.com.br\/site\/wp-json\/wp\/v2\/product_tag?post=550"}],"curies":[{"name":"wp","href":"https:\/\/api.w.org\/{rel}","templated":true}]}}