{"id":544,"date":"2014-05-02T15:15:51","date_gmt":"2014-05-02T15:15:51","guid":{"rendered":"http:\/\/www.maquinasaguia.com.br\/site\/?post_type=product&#038;p=544"},"modified":"2014-05-02T15:18:43","modified_gmt":"2014-05-02T15:18:43","slug":"virador-de-toras-vc-2-vc-3","status":"publish","type":"product","link":"http:\/\/www.maquinasaguia.com.br\/site\/produto\/virador-de-toras-vc-2-vc-3\/","title":{"rendered":"VIRADOR DE TORAS PNEUM\u00c1TICO &#8211; &#8220;VC-2 \/ VC-3&#8221;"},"content":{"rendered":"<p>O Virador possui bra\u00e7os, com correntes equipadas e arrastadores, sendo que o basculamento destes bra\u00e7os em a\u00e7\u00e3o conjunta com o acionamento transferem as toras sobre o carro, iniciando imediatamente o seu giro at\u00e9 a posi\u00e7\u00e3o desejada. Este basculamento \u00e9 feito por um sistema de cilindros pneum\u00e1ticos. \u00c9 empregado preferencialmente para toras reflorestadas.<\/p>\n<p>&nbsp;<\/p>\n<div class=\"title\"><h2> Dados T\u00e9cnicos <\/h2><div class=\"title-line-container\"><div class=\"title-line \"><\/div><\/div><\/div>\n<ul>\n<li>Motoredutor de engrenagens helicoidais.<\/li>\n<li>Comando a partir de botoeira incorporado ao painel do carro ou independente.<\/li>\n<li>Guias de apoio para as toras<\/li>\n<li>Garantia de fabrica\u00e7\u00e3o 1 ano ap\u00f3s a emiss\u00e3o da NF de venda.<\/li>\n<\/ul>\n<div class=\"title\"><h2> Caracter\u00edsticas F\u00edsicas <\/h2><div class=\"title-line-container\"><div class=\"title-line \"><\/div><\/div><\/div>\n<p>&nbsp;<\/p>\n<ul>\n<li>Estrutura soldada, compacta e s\u00f3lida.<\/li>\n<\/ul>\n<p><b><span style=\"text-decoration: underline;\">\u00a0<\/span><\/b><\/p>\n<table width=\"58%\" border=\"1\" cellspacing=\"0\" cellpadding=\"0\">\n<tbody>\n<tr>\n<td width=\"45%\">\n<p align=\"center\"><strong>MODELO<\/strong><\/p>\n<\/td>\n<td width=\"27%\">\n<p align=\"center\"><strong>VC-2<\/strong><\/p>\n<\/td>\n<td width=\"27%\">\n<p align=\"center\"><strong>VC-3<\/strong><\/p>\n<\/td>\n<\/tr>\n<tr>\n<td width=\"45%\">Quantidade de bra\u00e7os<\/td>\n<td width=\"27%\">\n<p align=\"center\">2 ou mais<\/p>\n<\/td>\n<td width=\"27%\">\n<p align=\"center\">2 ou mais<\/p>\n<\/td>\n<\/tr>\n<tr>\n<td width=\"45%\">Pot\u00eancia do motoredutor<\/td>\n<td width=\"27%\">\n<p align=\"center\">3cv (2,2kW)<\/p>\n<\/td>\n<td width=\"27%\">\n<p align=\"center\">5cv (3,7kW)<\/p>\n<\/td>\n<\/tr>\n<tr>\n<td width=\"45%\">CMBA-210<\/td>\n<td width=\"27%\">\n<p align=\"center\">210<\/p>\n<\/td>\n<td width=\"27%\">\n<p align=\"center\">560<\/p>\n<\/td>\n<\/tr>\n<\/tbody>\n<\/table>\n","protected":false},"excerpt":{"rendered":"<p>O Virador possui bra\u00e7os, com correntes equipadas e arrastadores que em\u00a0a\u00e7\u00e3o conjunta com o acionamento transferem as toras sobre o carro.<\/p>\n","protected":false},"featured_media":545,"comment_status":"closed","ping_status":"closed","template":"","meta":[],"product_brand":[],"product_cat":[24,28,15],"product_tag":[],"class_list":{"0":"post-544","1":"product","2":"type-product","3":"status-publish","4":"has-post-thumbnail","6":"product_cat-carro-porta-toras","7":"product_cat-equipamento-complementar","8":"product_cat-serraria","10":"first","11":"instock","12":"shipping-taxable","13":"product-type-simple"},"_links":{"self":[{"href":"http:\/\/www.maquinasaguia.com.br\/site\/wp-json\/wp\/v2\/product\/544","targetHints":{"allow":["GET"]}}],"collection":[{"href":"http:\/\/www.maquinasaguia.com.br\/site\/wp-json\/wp\/v2\/product"}],"about":[{"href":"http:\/\/www.maquinasaguia.com.br\/site\/wp-json\/wp\/v2\/types\/product"}],"replies":[{"embeddable":true,"href":"http:\/\/www.maquinasaguia.com.br\/site\/wp-json\/wp\/v2\/comments?post=544"}],"wp:featuredmedia":[{"embeddable":true,"href":"http:\/\/www.maquinasaguia.com.br\/site\/wp-json\/wp\/v2\/media\/545"}],"wp:attachment":[{"href":"http:\/\/www.maquinasaguia.com.br\/site\/wp-json\/wp\/v2\/media?parent=544"}],"wp:term":[{"taxonomy":"product_brand","embeddable":true,"href":"http:\/\/www.maquinasaguia.com.br\/site\/wp-json\/wp\/v2\/product_brand?post=544"},{"taxonomy":"product_cat","embeddable":true,"href":"http:\/\/www.maquinasaguia.com.br\/site\/wp-json\/wp\/v2\/product_cat?post=544"},{"taxonomy":"product_tag","embeddable":true,"href":"http:\/\/www.maquinasaguia.com.br\/site\/wp-json\/wp\/v2\/product_tag?post=544"}],"curies":[{"name":"wp","href":"https:\/\/api.w.org\/{rel}","templated":true}]}}