{"id":526,"date":"2014-05-02T12:28:29","date_gmt":"2014-05-02T12:28:29","guid":{"rendered":"http:\/\/www.maquinasaguia.com.br\/site\/?post_type=product&#038;p=526"},"modified":"2014-05-20T11:28:05","modified_gmt":"2014-05-20T11:28:05","slug":"avancamento-para-carro-porta-toras","status":"publish","type":"product","link":"http:\/\/www.maquinasaguia.com.br\/site\/produto\/avancamento-para-carro-porta-toras\/","title":{"rendered":"AVAN\u00c7AMENTO PARA CARRO PORTA TORAS"},"content":{"rendered":"<p>Todo carro porta-toras est\u00e1 em constante altern\u00e2ncia entre movimentos de avan\u00e7o e retorno. Isto exige um eficiente acionamento, capaz de produzir um alto torque e grandes velocidades, sem contudo perder a sensibilidade para pequenos avan\u00e7os, necess\u00e1rios para serrar toras com di\u00e2metros grandes de madeiras duras.<\/p>\n<div class=\"title\"><h2> Dados T\u00e9cnicos <\/h2><div class=\"title-line-container\"><div class=\"title-line \"><\/div><\/div><\/div>\n<strong>A M\u00c1QUINAS \u00c1GUIA<\/strong>, consciente disto, optou em produzir quatro modelos de avan\u00e7amentos que atendem plenamente a estas exig\u00eancias, deixando o cliente \u00e0 vontade para escolher o que melhor se adequar \u00e0 sua aplica\u00e7\u00e3o.<\/p>\n<table class=\"aligncenter\" width=\"647\" border=\"1\" cellspacing=\"0\" cellpadding=\"0\">\n<tbody>\n<tr>\n<td valign=\"top\" width=\"140\">\n<p align=\"center\"><b>AVAN\u00c7AMENTO<\/b><\/p>\n<\/td>\n<td valign=\"top\" width=\"94\">\n<p align=\"center\"><b>POT\u00caNCIA<\/b><b>(CV)<\/b><\/p>\n<\/td>\n<td valign=\"top\" width=\"134\">\n<p align=\"center\"><b>APLICA\u00c7\u00c3O<\/b><\/p>\n<\/td>\n<td valign=\"top\" width=\"134\">\n<p align=\"center\"><b>ACIONAMENTO<\/b><\/p>\n<\/td>\n<td valign=\"top\" width=\"147\">\n<p align=\"center\"><b>VELOCIDADE AVAN\u00c7O<\/b><\/p>\n<\/td>\n<\/tr>\n<tr>\n<td valign=\"top\" width=\"140\">\n<p align=\"center\">AS-2<\/p>\n<p align=\"center\">\n<\/td>\n<td valign=\"top\" width=\"94\">\n<p align=\"center\">10<\/p>\n<\/td>\n<td valign=\"top\" width=\"134\">\n<p align=\"center\">CARROS LEVES<\/p>\n<\/td>\n<td rowspan=\"2\" valign=\"top\" width=\"134\">\n<p align=\"center\">\u00a0HIDR\u00c1ULICO<\/p>\n<\/td>\n<td rowspan=\"4\" valign=\"top\" width=\"147\">\n<p align=\"center\">A FAIXA DE VARIA\u00c7\u00c3O SER\u00c1 PERSONALIZADA\u00a0A CADA SITUA\u00c7\u00c3O<\/p>\n<\/td>\n<\/tr>\n<tr>\n<td valign=\"top\" width=\"140\">\n<p align=\"center\">AS-6<\/p>\n<\/td>\n<td valign=\"top\" width=\"94\">\n<p align=\"center\">20<\/p>\n<\/td>\n<td valign=\"top\" width=\"134\">\n<p align=\"center\">CARROS LEVES\/ M\u00c9DIO<\/p>\n<\/td>\n<\/tr>\n<tr>\n<td valign=\"top\" width=\"140\">\n<p align=\"center\">AH-30<\/p>\n<\/td>\n<td valign=\"top\" width=\"94\">\n<p align=\"center\">30<\/p>\n<\/td>\n<td valign=\"top\" width=\"134\">\n<p align=\"center\">CARROS M\u00c9DIO\/PESADO<\/p>\n<\/td>\n<td rowspan=\"2\" valign=\"top\" width=\"134\">\n<p align=\"center\">HIDROST\u00c1TICA<\/p>\n<\/td>\n<\/tr>\n<tr>\n<td valign=\"top\" width=\"140\">\n<p align=\"center\">AH-50<\/p>\n<\/td>\n<td valign=\"top\" width=\"94\">\n<p align=\"center\">50<\/p>\n<\/td>\n<td valign=\"top\" width=\"134\">\n<p align=\"center\">CARRO PESADO<\/p>\n<\/td>\n<\/tr>\n<\/tbody>\n<\/table>\n<p style=\"text-align: left;\"><div class=\"title\"><h2> Caracter\u00edsticas F\u00edsicas <\/h2><div class=\"title-line-container\"><div class=\"title-line \"><\/div><\/div><\/div>\nOutros tipos de avan\u00e7amento poder\u00e3o ser fabricados ao atender a pedidos espec\u00edficos. (ex.: conversor de freq\u00fc\u00eancia, guincho semi-hidr\u00e1ulico)<\/p>\n","protected":false},"excerpt":{"rendered":"<p>Acionamento capaz de produzir um alto torque e grandes velocidades.<\/p>\n","protected":false},"featured_media":527,"comment_status":"closed","ping_status":"closed","template":"","meta":[],"product_brand":[],"product_cat":[24,28,15],"product_tag":[],"class_list":{"0":"post-526","1":"product","2":"type-product","3":"status-publish","4":"has-post-thumbnail","6":"product_cat-carro-porta-toras","7":"product_cat-equipamento-complementar","8":"product_cat-serraria","10":"first","11":"instock","12":"shipping-taxable","13":"product-type-simple"},"_links":{"self":[{"href":"http:\/\/www.maquinasaguia.com.br\/site\/wp-json\/wp\/v2\/product\/526","targetHints":{"allow":["GET"]}}],"collection":[{"href":"http:\/\/www.maquinasaguia.com.br\/site\/wp-json\/wp\/v2\/product"}],"about":[{"href":"http:\/\/www.maquinasaguia.com.br\/site\/wp-json\/wp\/v2\/types\/product"}],"replies":[{"embeddable":true,"href":"http:\/\/www.maquinasaguia.com.br\/site\/wp-json\/wp\/v2\/comments?post=526"}],"wp:featuredmedia":[{"embeddable":true,"href":"http:\/\/www.maquinasaguia.com.br\/site\/wp-json\/wp\/v2\/media\/527"}],"wp:attachment":[{"href":"http:\/\/www.maquinasaguia.com.br\/site\/wp-json\/wp\/v2\/media?parent=526"}],"wp:term":[{"taxonomy":"product_brand","embeddable":true,"href":"http:\/\/www.maquinasaguia.com.br\/site\/wp-json\/wp\/v2\/product_brand?post=526"},{"taxonomy":"product_cat","embeddable":true,"href":"http:\/\/www.maquinasaguia.com.br\/site\/wp-json\/wp\/v2\/product_cat?post=526"},{"taxonomy":"product_tag","embeddable":true,"href":"http:\/\/www.maquinasaguia.com.br\/site\/wp-json\/wp\/v2\/product_tag?post=526"}],"curies":[{"name":"wp","href":"https:\/\/api.w.org\/{rel}","templated":true}]}}