{"id":481,"date":"2014-04-29T19:02:23","date_gmt":"2014-04-29T19:02:23","guid":{"rendered":"http:\/\/www.maquinasaguia.com.br\/site\/?post_type=product&#038;p=481"},"modified":"2016-01-27T14:16:34","modified_gmt":"2016-01-27T14:16:34","slug":"tupiafresadora-copiativa-de-cepas-tfcc","status":"publish","type":"product","link":"http:\/\/www.maquinasaguia.com.br\/site\/produto\/tupiafresadora-copiativa-de-cepas-tfcc\/","title":{"rendered":"TUPIA\/FRESADORA COPIATIVA DE CEPAS &#8220;TFCC&#8221;"},"content":{"rendered":"<p>M\u00e1quina destinada para a produ\u00e7\u00e3o de cepas (escovas de m\u00e3o ovalizadas), com sistema de alimenta\u00e7\u00e3o autom\u00e1tico (&#8220;magazine&#8221;).<br \/>\nM\u00e1quina que garante grande &#8220;produtividade&#8221; aliada a alta qualidade no &#8220;acabamento&#8221; e simples manuten\u00e7\u00e3o.<\/p>\n<div class=\"title\"><h2> Dados T\u00e9cnicos <\/h2><div class=\"title-line-container\"><div class=\"title-line \"><\/div><\/div><\/div>\nMotoriza\u00e7\u00e3o Total: 5,5 c.v;<br \/>\nAcompanha a chave el\u00e9trica necess\u00e1ria e a Freza;<br \/>\nProdu\u00e7\u00e3o &#8220;m\u00e9dia&#8221;: 7 pe\u00e7as\/minuto;<\/p>\n<div class=\"title\"><h2> Caracter\u00edsticas F\u00edsicas <\/h2><div class=\"title-line-container\"><div class=\"title-line \"><\/div><\/div><\/div>\nEstrutura constru\u00edda em perfis dobrados;<br \/>\nPeso L\u00edquido (aproximado): 280 Kg;<br \/>\nDimens\u00f5es (aproximadas): (L):0,65 m X (C) 0,80 m X (A) 1,40 m<\/p>\n","protected":false},"excerpt":{"rendered":"<p>M\u00e1quina destinada para a produ\u00e7\u00e3o de cepas (escovas de m\u00e3o ovalizadas)<\/p>\n","protected":false},"featured_media":785,"comment_status":"closed","ping_status":"closed","template":"","meta":[],"product_brand":[],"product_cat":[16,22],"product_tag":[],"class_list":{"0":"post-481","1":"product","2":"type-product","3":"status-publish","4":"has-post-thumbnail","6":"product_cat-beneficiamento","7":"product_cat-maquinas-especiais","9":"first","10":"instock","11":"shipping-taxable","12":"product-type-simple"},"_links":{"self":[{"href":"http:\/\/www.maquinasaguia.com.br\/site\/wp-json\/wp\/v2\/product\/481","targetHints":{"allow":["GET"]}}],"collection":[{"href":"http:\/\/www.maquinasaguia.com.br\/site\/wp-json\/wp\/v2\/product"}],"about":[{"href":"http:\/\/www.maquinasaguia.com.br\/site\/wp-json\/wp\/v2\/types\/product"}],"replies":[{"embeddable":true,"href":"http:\/\/www.maquinasaguia.com.br\/site\/wp-json\/wp\/v2\/comments?post=481"}],"wp:featuredmedia":[{"embeddable":true,"href":"http:\/\/www.maquinasaguia.com.br\/site\/wp-json\/wp\/v2\/media\/785"}],"wp:attachment":[{"href":"http:\/\/www.maquinasaguia.com.br\/site\/wp-json\/wp\/v2\/media?parent=481"}],"wp:term":[{"taxonomy":"product_brand","embeddable":true,"href":"http:\/\/www.maquinasaguia.com.br\/site\/wp-json\/wp\/v2\/product_brand?post=481"},{"taxonomy":"product_cat","embeddable":true,"href":"http:\/\/www.maquinasaguia.com.br\/site\/wp-json\/wp\/v2\/product_cat?post=481"},{"taxonomy":"product_tag","embeddable":true,"href":"http:\/\/www.maquinasaguia.com.br\/site\/wp-json\/wp\/v2\/product_tag?post=481"}],"curies":[{"name":"wp","href":"https:\/\/api.w.org\/{rel}","templated":true}]}}