{"id":462,"date":"2014-04-29T15:16:47","date_gmt":"2014-04-29T15:16:47","guid":{"rendered":"http:\/\/www.maquinasaguia.com.br\/site\/?post_type=product&#038;p=462"},"modified":"2014-12-02T18:57:17","modified_gmt":"2014-12-02T18:57:17","slug":"torno-tubular-ttr-90-e-ttr-90p","status":"publish","type":"product","link":"http:\/\/www.maquinasaguia.com.br\/site\/produto\/torno-tubular-ttr-90-e-ttr-90p\/","title":{"rendered":"TORNO TUBULAR &#8220;TTR 90&#8221; e &#8220;TTR 90\/P&#8221;"},"content":{"rendered":"<p>Recomendado para produzir torneados de 50 a 90m\/m de \u00d8,<br \/>\nPara trabalhar com roletes (toras) de at\u00e9 120mm de \u00d8, para torneados de at\u00e9 90mm de \u00d8, e para roletes de at\u00e9 70mm de \u00d8 para torneados de at\u00e9 50mm de \u00d8.<\/p>\n<div class=\"title\"><h2> Dados T\u00e9cnicos <\/h2><div class=\"title-line-container\"><div class=\"title-line \"><\/div><\/div><\/div>\n<ul>\n<li>Alimenta\u00e7\u00e3o manual.<\/li>\n<li>Motoriza\u00e7\u00e3o:<\/li>\n<\/ul>\n<p>um motor el\u00e9trico de 3 c.v. para sistema avan\u00e7o<br \/>\num motor el\u00e9trico de 20 c.v. para o cabe\u00e7ote<\/p>\n<ul>\n<li>Produ\u00e7\u00e3o &#8220;m\u00e9dia&#8221; 4,43; 7,33 ou 11,50m lineares por minuto, regul\u00e1vel por polia escalonada (vari\u00e1vel conforme as caracter\u00edsticas do torneamento).<\/li>\n<li>modelo &#8220;TTR 90\/p&#8221;: Sistema de Pressores Pneum\u00e1ticos.<\/li>\n<li>Opcional: Inversor de frequ\u00eancia.<\/li>\n<\/ul>\n<div class=\"title\"><h2> Caracter\u00edsticas F\u00edsicas <\/h2><div class=\"title-line-container\"><div class=\"title-line \"><\/div><\/div><\/div>\n<ul>\n<li>Estrutura constituida em ferro fundido e perfis dobrados (vigas &#8220;I&#8221; e &#8220;U&#8221; c\/ refor\u00e7o estrutural)<\/li>\n<li>Peso l\u00edquido (aproximado): 700Kg<\/li>\n<li>Dimens\u00f5es (aproximadas): (L) 0,90m x (C) 1,40 x (A) 1,30m<\/li>\n<\/ul>\n","protected":false},"excerpt":{"rendered":"<p>Recomendado para produzir torneados de 50 a 90m\/m de \u00d8,<\/p>\n","protected":false},"featured_media":703,"comment_status":"closed","ping_status":"closed","template":"","meta":[],"product_brand":[],"product_cat":[16,20],"product_tag":[],"class_list":{"0":"post-462","1":"product","2":"type-product","3":"status-publish","4":"has-post-thumbnail","6":"product_cat-beneficiamento","7":"product_cat-torneados","9":"first","10":"instock","11":"shipping-taxable","12":"product-type-simple"},"_links":{"self":[{"href":"http:\/\/www.maquinasaguia.com.br\/site\/wp-json\/wp\/v2\/product\/462","targetHints":{"allow":["GET"]}}],"collection":[{"href":"http:\/\/www.maquinasaguia.com.br\/site\/wp-json\/wp\/v2\/product"}],"about":[{"href":"http:\/\/www.maquinasaguia.com.br\/site\/wp-json\/wp\/v2\/types\/product"}],"replies":[{"embeddable":true,"href":"http:\/\/www.maquinasaguia.com.br\/site\/wp-json\/wp\/v2\/comments?post=462"}],"wp:featuredmedia":[{"embeddable":true,"href":"http:\/\/www.maquinasaguia.com.br\/site\/wp-json\/wp\/v2\/media\/703"}],"wp:attachment":[{"href":"http:\/\/www.maquinasaguia.com.br\/site\/wp-json\/wp\/v2\/media?parent=462"}],"wp:term":[{"taxonomy":"product_brand","embeddable":true,"href":"http:\/\/www.maquinasaguia.com.br\/site\/wp-json\/wp\/v2\/product_brand?post=462"},{"taxonomy":"product_cat","embeddable":true,"href":"http:\/\/www.maquinasaguia.com.br\/site\/wp-json\/wp\/v2\/product_cat?post=462"},{"taxonomy":"product_tag","embeddable":true,"href":"http:\/\/www.maquinasaguia.com.br\/site\/wp-json\/wp\/v2\/product_tag?post=462"}],"curies":[{"name":"wp","href":"https:\/\/api.w.org\/{rel}","templated":true}]}}