{"id":375,"date":"2014-04-28T16:46:06","date_gmt":"2014-04-28T16:46:06","guid":{"rendered":"http:\/\/www.maquinasaguia.com.br\/site\/?post_type=product&#038;p=375"},"modified":"2015-01-26T16:35:15","modified_gmt":"2015-01-26T16:35:15","slug":"serra-destopadeira-sd-3-e-sd-5","status":"publish","type":"product","link":"http:\/\/www.maquinasaguia.com.br\/site\/produto\/serra-destopadeira-sd-3-e-sd-5\/","title":{"rendered":"SERRA DESTOPADEIRA &#8220;SD-3&#8221; e &#8220;SD-5&#8221;"},"content":{"rendered":"<p>M\u00e1quina para &#8220;destopar&#8221; t\u00e1buas de pranchas, com aplica\u00e7\u00e3o em diversos segmentos como por exemplo: marcenarias, constru\u00e7\u00e3o civil, materiais de constru\u00e7\u00e3o, etc.<br \/>\nMuito vers\u00e1til, f\u00e1cil manejo e manuten\u00e7\u00e3o muito simples.<br \/>\nCom prote\u00e7\u00e3o na &#8220;mesa&#8221; para a l\u00e2mina e no eixo da l\u00e2mina na parte de tr\u00e0s da m\u00e1quina.<\/p>\n<div class=\"title\"><h2> Dados T\u00e9cnicos <\/h2><div class=\"title-line-container\"><div class=\"title-line \"><\/div><\/div><\/div>\n<ul>\n<li>L\u00e2mina &#8220;recomendada&#8221;: (n\u00e3o fornecida)<\/li>\n<\/ul>\n<p>SD-3: 300mm de \u00d8<br \/>\nSD-5: 350mm de \u00d8;<\/p>\n<ul>\n<li>Altura m\u00e0xima de corte:<\/li>\n<\/ul>\n<p>SD-3: 75mm (utilizando l\u00e2mina de 300mm de \u00d8)<br \/>\nSD-5: 100mm (utilizando l\u00e2mina de 350mm de \u00d8)<\/p>\n<ul>\n<li>Eixo &#8220;porta-l\u00e2minas&#8221;:<\/li>\n<\/ul>\n<p>SD-3: 30mm de \u00d8<br \/>\nSD-5: 35mm de \u00d8<\/p>\n<ul>\n<li>Motor:<\/li>\n<\/ul>\n<p>SD-3: 3 c.v.<br \/>\nSD-5: 5 c.v.<\/p>\n<ul>\n<li>Mesa: 500mm x 750mm<\/li>\n<\/ul>\n<div class=\"title\"><h2> Caracter\u00edsticas F\u00edsicas <\/h2><div class=\"title-line-container\"><div class=\"title-line \"><\/div><\/div><\/div>\n<ul>\n<li>Estrutura constituida em ferro fundido e perfis dobrados c\/ refor\u00e7o nas dobras<\/li>\n<li>Peso l\u00edquido (aproximado):<\/li>\n<\/ul>\n<p>Para o modelo: SD-3: 125Kg<br \/>\nPara o modelo: SD-5: 155Kg<\/p>\n<ul>\n<li>Dimens\u00f5es (aproximadas): (L) 0,75m x (C) 0,75 x (A) 1,10m<\/li>\n<\/ul>\n","protected":false},"excerpt":{"rendered":"<p>M\u00e1quina para &#8220;destopar&#8221; t\u00e1buas de pranchas, com aplica\u00e7\u00e3o em diversos segmentos como por exemplo: marcenarias, constru\u00e7\u00e3o civil, materiais de constru\u00e7\u00e3o, etc.<\/p>\n","protected":false},"featured_media":811,"comment_status":"closed","ping_status":"closed","template":"","meta":[],"product_brand":[],"product_cat":[16,18],"product_tag":[],"class_list":{"0":"post-375","1":"product","2":"type-product","3":"status-publish","4":"has-post-thumbnail","6":"product_cat-beneficiamento","7":"product_cat-serras-circulares","9":"first","10":"instock","11":"shipping-taxable","12":"product-type-simple"},"_links":{"self":[{"href":"http:\/\/www.maquinasaguia.com.br\/site\/wp-json\/wp\/v2\/product\/375","targetHints":{"allow":["GET"]}}],"collection":[{"href":"http:\/\/www.maquinasaguia.com.br\/site\/wp-json\/wp\/v2\/product"}],"about":[{"href":"http:\/\/www.maquinasaguia.com.br\/site\/wp-json\/wp\/v2\/types\/product"}],"replies":[{"embeddable":true,"href":"http:\/\/www.maquinasaguia.com.br\/site\/wp-json\/wp\/v2\/comments?post=375"}],"wp:featuredmedia":[{"embeddable":true,"href":"http:\/\/www.maquinasaguia.com.br\/site\/wp-json\/wp\/v2\/media\/811"}],"wp:attachment":[{"href":"http:\/\/www.maquinasaguia.com.br\/site\/wp-json\/wp\/v2\/media?parent=375"}],"wp:term":[{"taxonomy":"product_brand","embeddable":true,"href":"http:\/\/www.maquinasaguia.com.br\/site\/wp-json\/wp\/v2\/product_brand?post=375"},{"taxonomy":"product_cat","embeddable":true,"href":"http:\/\/www.maquinasaguia.com.br\/site\/wp-json\/wp\/v2\/product_cat?post=375"},{"taxonomy":"product_tag","embeddable":true,"href":"http:\/\/www.maquinasaguia.com.br\/site\/wp-json\/wp\/v2\/product_tag?post=375"}],"curies":[{"name":"wp","href":"https:\/\/api.w.org\/{rel}","templated":true}]}}