{"id":365,"date":"2014-04-28T14:03:03","date_gmt":"2014-04-28T14:03:03","guid":{"rendered":"http:\/\/www.maquinasaguia.com.br\/site\/?post_type=product&#038;p=365"},"modified":"2019-08-29T19:38:05","modified_gmt":"2019-08-29T19:38:05","slug":"serra-refiladeira-srp-15","status":"publish","type":"product","link":"http:\/\/www.maquinasaguia.com.br\/site\/produto\/serra-refiladeira-srp-15\/","title":{"rendered":"SERRA CIRCULAR REFILADEIRA &#8220;SRP-15&#8221;"},"content":{"rendered":"<p>Indicado para \u201crefilar\u201d (desdobrar) t\u00e1buas e pranchas, com aplica\u00e7\u00e3o em diversos segmentos como por exemplo: madeireiras, marcenarias, constru\u00e7\u00e3o civil, materiais de constru\u00e7\u00e3o, etc.<br \/>\nMuito vers\u00e1til, f\u00e1cil manejo e manuten\u00e7\u00e3o muito simples;<br \/>\nA mesa disp\u00f5e de rolos \u201crolamentados\u201d na \u201centrada\u201d e na \u201csa\u00edda\u201d, facilitando assim a sua utiliza\u00e7\u00e3o quando se tratar de pranchas mais pesadas e de maiores dimens\u00f5es.<br \/>\nOpcionalmente pode ser fornecido o \u201cconjunto\u201d de \u201ctrilhos e vagonetes\u201d para utiliza\u00e7\u00e3o de pranchas de grandes dimens\u00f5es<br \/>\nEm todos os modelos, o eixo \u201cporta-l\u00e2minas\u201d \u00e9 montado em um conjunto que pode ser movido para cima e para baixo, possibilitando regular a altura de corte, bem como facilita e agiliza a opera\u00e7\u00e3o de troca de l\u00e2mina.<br \/>\nCom prote\u00e7\u00e3o na \u201cmesa\u201d para a l\u00e2mina, e para as polias do eixo da l\u00e2mina e do motor.<br \/>\nObs.: L\u00e2mina apenas para efeito &#8220;ilustrativo&#8221; (*).<\/p>\n<div class=\"title\"><h2> Dados T\u00e9cnicos <\/h2><div class=\"title-line-container\"><div class=\"title-line \"><\/div><\/div><\/div>\n<ul>\n<li>L\u00e2mina \u201crecomendada\u201d: 550mm de \u00d8 (*podendo ser &#8220;cotada\/fornecida&#8221; em separado);<\/li>\n<li>Altura m\u00e1xima de corte: 125mm (utilizando l\u00e2mina de 550mm de \u00d8);<\/li>\n<li>Eixo \u201cporta-l\u00e2minas\u201d: 45mm de \u00d8<\/li>\n<li>Dimens\u00f5es da mesa: (L) 1,00m x (C ) 1,00m<\/li>\n<li>Altura: 0,80m (altera\u00e7\u00f5es sob consulta)<\/li>\n<li>Motoriza\u00e7\u00e3o: 15 c.v.<\/li>\n<\/ul>\n<div class=\"title\"><h2> Caracter\u00edsticas F\u00edsicas <\/h2><div class=\"title-line-container\"><div class=\"title-line \"><\/div><\/div><\/div>\n<ul>\n<li>Construida em ferro fundido e perfis dobrados, mesa c\/ refor\u00e7o nas bordas.<\/li>\n<li>Peso l\u00edquido (aproximado): 320Kg<\/li>\n<li>Dimens\u00f5es (aproximadas): (L) 1,10m x (C ) 1,50mx (A) 1,10m;<\/li>\n<\/ul>\n","protected":false},"excerpt":{"rendered":"<p>Indicado para \u201crefilar\u201d (desdobrar) t\u00e1buas e pranchas, com aplica\u00e7\u00e3o em diversos segmentos como por exemplo: madeireiras, marcenarias, constru\u00e7\u00e3o civil, materiais de constru\u00e7\u00e3o, etc.<\/p>\n","protected":false},"featured_media":809,"comment_status":"closed","ping_status":"closed","template":"","meta":[],"product_brand":[],"product_cat":[16,18],"product_tag":[],"class_list":{"0":"post-365","1":"product","2":"type-product","3":"status-publish","4":"has-post-thumbnail","6":"product_cat-beneficiamento","7":"product_cat-serras-circulares","9":"first","10":"instock","11":"shipping-taxable","12":"product-type-simple"},"_links":{"self":[{"href":"http:\/\/www.maquinasaguia.com.br\/site\/wp-json\/wp\/v2\/product\/365","targetHints":{"allow":["GET"]}}],"collection":[{"href":"http:\/\/www.maquinasaguia.com.br\/site\/wp-json\/wp\/v2\/product"}],"about":[{"href":"http:\/\/www.maquinasaguia.com.br\/site\/wp-json\/wp\/v2\/types\/product"}],"replies":[{"embeddable":true,"href":"http:\/\/www.maquinasaguia.com.br\/site\/wp-json\/wp\/v2\/comments?post=365"}],"wp:featuredmedia":[{"embeddable":true,"href":"http:\/\/www.maquinasaguia.com.br\/site\/wp-json\/wp\/v2\/media\/809"}],"wp:attachment":[{"href":"http:\/\/www.maquinasaguia.com.br\/site\/wp-json\/wp\/v2\/media?parent=365"}],"wp:term":[{"taxonomy":"product_brand","embeddable":true,"href":"http:\/\/www.maquinasaguia.com.br\/site\/wp-json\/wp\/v2\/product_brand?post=365"},{"taxonomy":"product_cat","embeddable":true,"href":"http:\/\/www.maquinasaguia.com.br\/site\/wp-json\/wp\/v2\/product_cat?post=365"},{"taxonomy":"product_tag","embeddable":true,"href":"http:\/\/www.maquinasaguia.com.br\/site\/wp-json\/wp\/v2\/product_tag?post=365"}],"curies":[{"name":"wp","href":"https:\/\/api.w.org\/{rel}","templated":true}]}}