{"id":352,"date":"2014-04-28T13:19:05","date_gmt":"2014-04-28T13:19:05","guid":{"rendered":"http:\/\/www.maquinasaguia.com.br\/site\/?post_type=product&#038;p=352"},"modified":"2017-07-06T15:13:32","modified_gmt":"2017-07-06T15:13:32","slug":"serra-circular-multilaminas-sm350","status":"publish","type":"product","link":"http:\/\/www.maquinasaguia.com.br\/site\/produto\/serra-circular-multilaminas-sm350\/","title":{"rendered":"SERRA CIRCULAR MULTIL\u00c2MINAS &#8220;New-SM350&#8221;"},"content":{"rendered":"<p>Recomendada para refilar t\u00e1buas, efetuando m\u00faltiplos cortes simultaneamente, obtendo desta forma uma excelente produ\u00e7\u00e3o com custos reduzidos (podendo fazer parte da produ\u00e7\u00e3o de pallets).\u00a0M\u00e1quinas moderna, de estrutura compacta e muito segura.<\/p>\n<p><iframe loading=\"lazy\" src=\"\/\/www.youtube.com\/embed\/JstJET29_50\" width=\"650\" height=\"366\" frameborder=\"0\" allowfullscreen=\"allowfullscreen\"><\/iframe><\/p>\n<div class=\"title\"><h2> Dados T\u00e9cnicos <\/h2><div class=\"title-line-container\"><div class=\"title-line \"><\/div><\/div><\/div>\nCapacidade de corte na altura de at\u00e9 100 mm (at\u00e9 125 mm sob pedido);<br \/>\nCapacidade de corte na largura de at\u00e9 350 mm;<br \/>\nMotoriza\u00e7\u00e3o: Avan\u00e7o 2 c.v. (Motoredutor c\/ Inversor de frequencia)<br \/>\nEixo das l\u00e2minas: 30 c.v. (altera\u00e7\u00e3o sob consulta);<br \/>\nEixo: 50 mm \u00f8, com uma chaveta (10 x 5);<br \/>\nSistema de tra\u00e7\u00e3o nos rolos inferiores e superiores (todos os rolos com graxeiras)<br \/>\nL\u00e2minas recomendadas (fornecidas a parte): 350 mm de \u00f8, 24 dentes (sob consulta);<br \/>\nProdu\u00e7\u00e3o m\u00e9dia por hora-m\u00e1quina: 700, 1.000, at\u00e9 1.300 metros lineares. (vari\u00e1vel de acordo com a quantidade e altura dos cortes).<\/p>\n<div class=\"title\"><h2> Caracter\u00edsticas F\u00edsicas <\/h2><div class=\"title-line-container\"><div class=\"title-line \"><\/div><\/div><\/div>\nEstrutura constru\u00edda em Chapas Oxi-cortadas, ferro fundido, e chapas dobradas;<br \/>\nPeso l\u00edquido (aproximado): 870 Kg. (com motor de 30 c.v.)<br \/>\nDimens\u00f5es (aproximadas): (L) 1,15m x (C) 1,60m x (A) 1,40m.<\/p>\n","protected":false},"excerpt":{"rendered":"<p>M\u00e1quinas moderna, de estrutura compacta e muito segura. Recomendada para refilar t\u00e1buas, efetuando m\u00faltiplos cortes simultaneamente.<\/p>\n","protected":false},"featured_media":829,"comment_status":"closed","ping_status":"closed","template":"","meta":[],"product_brand":[],"product_cat":[16,18],"product_tag":[],"class_list":{"0":"post-352","1":"product","2":"type-product","3":"status-publish","4":"has-post-thumbnail","6":"product_cat-beneficiamento","7":"product_cat-serras-circulares","9":"first","10":"instock","11":"shipping-taxable","12":"product-type-simple"},"_links":{"self":[{"href":"http:\/\/www.maquinasaguia.com.br\/site\/wp-json\/wp\/v2\/product\/352","targetHints":{"allow":["GET"]}}],"collection":[{"href":"http:\/\/www.maquinasaguia.com.br\/site\/wp-json\/wp\/v2\/product"}],"about":[{"href":"http:\/\/www.maquinasaguia.com.br\/site\/wp-json\/wp\/v2\/types\/product"}],"replies":[{"embeddable":true,"href":"http:\/\/www.maquinasaguia.com.br\/site\/wp-json\/wp\/v2\/comments?post=352"}],"wp:featuredmedia":[{"embeddable":true,"href":"http:\/\/www.maquinasaguia.com.br\/site\/wp-json\/wp\/v2\/media\/829"}],"wp:attachment":[{"href":"http:\/\/www.maquinasaguia.com.br\/site\/wp-json\/wp\/v2\/media?parent=352"}],"wp:term":[{"taxonomy":"product_brand","embeddable":true,"href":"http:\/\/www.maquinasaguia.com.br\/site\/wp-json\/wp\/v2\/product_brand?post=352"},{"taxonomy":"product_cat","embeddable":true,"href":"http:\/\/www.maquinasaguia.com.br\/site\/wp-json\/wp\/v2\/product_cat?post=352"},{"taxonomy":"product_tag","embeddable":true,"href":"http:\/\/www.maquinasaguia.com.br\/site\/wp-json\/wp\/v2\/product_tag?post=352"}],"curies":[{"name":"wp","href":"https:\/\/api.w.org\/{rel}","templated":true}]}}