{"id":340,"date":"2014-04-28T11:15:32","date_gmt":"2014-04-28T11:15:32","guid":{"rendered":"http:\/\/www.maquinasaguia.com.br\/site\/?post_type=product&#038;p=340"},"modified":"2019-08-29T19:43:17","modified_gmt":"2019-08-29T19:43:17","slug":"serra-circular-multilaminas-sm200-2er2f","status":"publish","type":"product","link":"http:\/\/www.maquinasaguia.com.br\/site\/produto\/serra-circular-multilaminas-sm200-2er2f\/","title":{"rendered":"SERRA CIRCULAR MULTIL\u00c2MINAS &#8211; &#8220;SM200 2EL"},"content":{"rendered":"<p>Eixo &#8220;ponta livre&#8221; para facilitar a substitui\u00e7\u00e3o das l\u00e2minas e agilizar a regulagem das &#8220;bitolas&#8221;, recomendada para refilar t\u00e1buas, efetuando m\u00faltiplos cortes simultaneamente, obtendo desta forma uma excelente produ\u00e7\u00e3o com custos reduzidos, recomendada para refilar pranchas e\/ou semi-blocos, com dois eixos, sendo o superior m\u00f3vel regul\u00e1vel na altura, possibilita utiliza\u00e7\u00e3o de l\u00e2minas de pequeno di\u00e2metro, reduzindo desta forma o custo e a perda de madeira.<\/p>\n<p><iframe loading=\"lazy\" src=\"\/\/www.youtube.com\/embed\/h6yXjL7M0DI\" width=\"630\" height=\"354\" frameborder=\"0\" allowfullscreen=\"allowfullscreen\"><\/iframe><\/p>\n<div class=\"title\"><h2> Dados T\u00e9cnicos <\/h2><div class=\"title-line-container\"><div class=\"title-line \"><\/div><\/div><\/div>\n<ul>\n<li>Capacidade de corte na altura de at\u00e9 150 mm;<\/li>\n<li>Capacidade de corte na largura de at\u00e9 200 mm;<\/li>\n<li>Motoriza\u00e7\u00e3o: Avan\u00e7o 1,5 c.v.;<\/li>\n<li>Eixo das l\u00e2minas: 20 c.v. eixo interior e 20 c.v. eixo superior (altera\u00e7\u00e3o sob consulta);<\/li>\n<li>Eixo: 40 mm \u00f8, com uma chaveta (10 x 5);<\/li>\n<li>Sistema de tra\u00e7\u00e3o 4 rolos inferiores e 1 superior;<\/li>\n<li>L\u00e2minas recomendadas (fornecidas a parte): 250 mm de \u00f8, 24 dentes;<\/li>\n<li>Produ\u00e7\u00e3o m\u00e9dia por hora-m\u00e1quina: 660, 900, at\u00e9 1200 metros lineares (vari\u00e1vel de acordo com a quantidade e altura dos cortes).<\/li>\n<\/ul>\n<div class=\"title\"><h2> Caracter\u00edsticas F\u00edsicas <\/h2><div class=\"title-line-container\"><div class=\"title-line \"><\/div><\/div><\/div>\n<ul>\n<li>Estrutura constru\u00edda em ferro fundido, com refor\u00e7o em tubos de a\u00e7o;<\/li>\n<li>Peso l\u00edquido (aproximado): 880 Kg. (com motor de 20 c.v.)<\/li>\n<li>Dimens\u00f5es (aproximadas): (L) 1,05m x (C) 1,50m x (A) 1,20m.<\/li>\n<\/ul>\n","protected":false},"excerpt":{"rendered":"<p>M\u00e1quina recomendada para refilar t\u00e1buas, efetuando m\u00faltiplos cortes simultaneamente, obtendo desta forma uma excelente produ\u00e7\u00e3o com custos reduzidos.<\/p>\n","protected":false},"featured_media":780,"comment_status":"closed","ping_status":"closed","template":"","meta":[],"product_brand":[],"product_cat":[16,18],"product_tag":[],"class_list":{"0":"post-340","1":"product","2":"type-product","3":"status-publish","4":"has-post-thumbnail","6":"product_cat-beneficiamento","7":"product_cat-serras-circulares","9":"first","10":"instock","11":"shipping-taxable","12":"product-type-simple"},"_links":{"self":[{"href":"http:\/\/www.maquinasaguia.com.br\/site\/wp-json\/wp\/v2\/product\/340","targetHints":{"allow":["GET"]}}],"collection":[{"href":"http:\/\/www.maquinasaguia.com.br\/site\/wp-json\/wp\/v2\/product"}],"about":[{"href":"http:\/\/www.maquinasaguia.com.br\/site\/wp-json\/wp\/v2\/types\/product"}],"replies":[{"embeddable":true,"href":"http:\/\/www.maquinasaguia.com.br\/site\/wp-json\/wp\/v2\/comments?post=340"}],"wp:featuredmedia":[{"embeddable":true,"href":"http:\/\/www.maquinasaguia.com.br\/site\/wp-json\/wp\/v2\/media\/780"}],"wp:attachment":[{"href":"http:\/\/www.maquinasaguia.com.br\/site\/wp-json\/wp\/v2\/media?parent=340"}],"wp:term":[{"taxonomy":"product_brand","embeddable":true,"href":"http:\/\/www.maquinasaguia.com.br\/site\/wp-json\/wp\/v2\/product_brand?post=340"},{"taxonomy":"product_cat","embeddable":true,"href":"http:\/\/www.maquinasaguia.com.br\/site\/wp-json\/wp\/v2\/product_cat?post=340"},{"taxonomy":"product_tag","embeddable":true,"href":"http:\/\/www.maquinasaguia.com.br\/site\/wp-json\/wp\/v2\/product_tag?post=340"}],"curies":[{"name":"wp","href":"https:\/\/api.w.org\/{rel}","templated":true}]}}