{"id":335,"date":"2014-04-25T18:43:05","date_gmt":"2014-04-25T18:43:05","guid":{"rendered":"http:\/\/www.maquinasaguia.com.br\/site\/?post_type=product&#038;p=335"},"modified":"2016-06-30T19:41:50","modified_gmt":"2016-06-30T19:41:50","slug":"serra-circular-multilaminas-sm200-ad","status":"publish","type":"product","link":"http:\/\/www.maquinasaguia.com.br\/site\/produto\/serra-circular-multilaminas-sm200-ad\/","title":{"rendered":"SERRA CIRCULAR MULTIL\u00c2MINAS &#8211; &#8220;SM200-AD&#8221;"},"content":{"rendered":"<p>Recomendada para &#8220;refilar&#8221; t\u00e1buas ou pranchas de at\u00e9 3&#8243; (75 mm) de altura.<br \/>\nAgilidade e facilidade na troca das l\u00e2minas para reafia\u00e7\u00e3o e \/ ou altera\u00e7\u00e3o de &#8220;bitola&#8221;.<br \/>\nM\u00e1quina de f\u00e1cil manuseio, regulagens simples e de grande versatilidade e durabilidade.<br \/>\nExcelente para produ\u00e7\u00e3o de &#8220;quadradinhos&#8221; para produ\u00e7\u00e3o de cabos ou para preparar madeira para &#8220;S4S&#8221;<br \/>\nMotor com eixo de\u00a0<strong>&#8220;ACOPLAMENTO DIRETO&#8221;.<\/strong><\/p>\n<p><iframe loading=\"lazy\" src=\"\/\/www.youtube.com\/embed\/yscASPopQVE\" width=\"640\" height=\"360\" frameborder=\"0\" allowfullscreen=\"allowfullscreen\"><\/iframe><\/p>\n<p><span style=\"line-height: 1.5em;\"><div class=\"title\"><h2> Dados T\u00e9cnicos <\/h2><div class=\"title-line-container\"><div class=\"title-line \"><\/div><\/div><\/div><\/span><\/p>\n<ul>\n<li>Capacidade de corte na altura de at\u00e9 75 mm;<\/li>\n<li>Capacidade de corte na largura de at\u00e9 200 mm com eixo (ponta livre);<\/li>\n<li>Motoriza\u00e7\u00e3o: Avan\u00e7o 1,5 c.v.;<\/li>\n<li>Eixo das l\u00e2minas: 30 c.v. (altera\u00e7\u00e3o sob consulta);<\/li>\n<li>Eixo: 40mm de \u00f8, com uma chaveta (10&#215;5) em (a\u00e7o cromo);<\/li>\n<li>Sistema de &#8220;tra\u00e7\u00e3o&#8221; nos rolos inferiores e superiores;<\/li>\n<li>L\u00e2minas recomendadas (podendo ser fornecidas a parte): 250mm de \u00f8<\/li>\n<li>Produ\u00e7\u00e3o m\u00e9dia por hora-m\u00e1quina: 650, 900, at\u00e9 1200 metros lineares (vari\u00e1vel de acordo com a quantidade e altura dos cortes).<\/li>\n<\/ul>\n<div class=\"title\"><h2> Caracter\u00edsticas F\u00edsicas <\/h2><div class=\"title-line-container\"><div class=\"title-line \"><\/div><\/div><\/div>\n<ul>\n<li>Estrutura constru\u00edda em tubos de a\u00e7o, com refor\u00e7o estrutural;<\/li>\n<li>Peso l\u00edquido (aproximado): 450 Kg.<\/li>\n<li>Dimens\u00f5es (aproximadas): (L) 1,70m x (C) 1,40m x (A) 1,35m.<\/li>\n<\/ul>\n","protected":false},"excerpt":{"rendered":"<p>Recomendada para &#8220;refilar&#8221; t\u00e1buas ou pranchas de at\u00e9 3&#8243; (75 mm) de altura.<br \/>\nAgilidade e facilidade na troca das l\u00e2minas para reafia\u00e7\u00e3o e \/ ou altera\u00e7\u00e3o de &#8220;bitola&#8221;.<\/p>\n","protected":false},"featured_media":812,"comment_status":"closed","ping_status":"closed","template":"","meta":[],"product_brand":[],"product_cat":[16,18],"product_tag":[],"class_list":{"0":"post-335","1":"product","2":"type-product","3":"status-publish","4":"has-post-thumbnail","6":"product_cat-beneficiamento","7":"product_cat-serras-circulares","9":"first","10":"instock","11":"shipping-taxable","12":"product-type-simple"},"_links":{"self":[{"href":"http:\/\/www.maquinasaguia.com.br\/site\/wp-json\/wp\/v2\/product\/335","targetHints":{"allow":["GET"]}}],"collection":[{"href":"http:\/\/www.maquinasaguia.com.br\/site\/wp-json\/wp\/v2\/product"}],"about":[{"href":"http:\/\/www.maquinasaguia.com.br\/site\/wp-json\/wp\/v2\/types\/product"}],"replies":[{"embeddable":true,"href":"http:\/\/www.maquinasaguia.com.br\/site\/wp-json\/wp\/v2\/comments?post=335"}],"wp:featuredmedia":[{"embeddable":true,"href":"http:\/\/www.maquinasaguia.com.br\/site\/wp-json\/wp\/v2\/media\/812"}],"wp:attachment":[{"href":"http:\/\/www.maquinasaguia.com.br\/site\/wp-json\/wp\/v2\/media?parent=335"}],"wp:term":[{"taxonomy":"product_brand","embeddable":true,"href":"http:\/\/www.maquinasaguia.com.br\/site\/wp-json\/wp\/v2\/product_brand?post=335"},{"taxonomy":"product_cat","embeddable":true,"href":"http:\/\/www.maquinasaguia.com.br\/site\/wp-json\/wp\/v2\/product_cat?post=335"},{"taxonomy":"product_tag","embeddable":true,"href":"http:\/\/www.maquinasaguia.com.br\/site\/wp-json\/wp\/v2\/product_tag?post=335"}],"curies":[{"name":"wp","href":"https:\/\/api.w.org\/{rel}","templated":true}]}}