{"id":283,"date":"2014-04-22T19:16:28","date_gmt":"2014-04-22T19:16:28","guid":{"rendered":"http:\/\/www.maquinasaguia.com.br\/site\/?post_type=product&#038;p=283"},"modified":"2017-11-01T18:48:15","modified_gmt":"2017-11-01T18:48:15","slug":"rosqueadeira-externa-pneumatica-rec-p","status":"publish","type":"product","link":"http:\/\/www.maquinasaguia.com.br\/site\/produto\/rosqueadeira-externa-pneumatica-rec-p\/","title":{"rendered":"ROSQUEADEIRA EXTERNA PNEUM\u00c1TICA &#8220;REC-p&#8221;"},"content":{"rendered":"<p>M\u00e1quina destinada a produ\u00e7\u00e3o de \u201croscas\u201d, em ponta de cabos \u201ccil\u00edndricos\u201d, com sistema pneum\u00e1tico de acionamento na \u201cpin\u00e7a\u201d e na mesa da fresa. Possibilidade de altera\u00e7\u00e3o em algumas medidas da \u201crosca\u201d. Admite varia\u00e7\u00e3o no \u201cdi\u00e2metro&#8221; do cabo mediante troca de pe\u00e7a e\/ou ajustes na m\u00e1quina (dentro dos limites do equipamento).<\/p>\n<p><iframe loading=\"lazy\" src=\"\/\/www.youtube.com\/embed\/L5vRCowepZk\" width=\"630\" height=\"354\" frameborder=\"0\" allowfullscreen=\"allowfullscreen\"><\/iframe><\/p>\n<p>Obs.: Eventualmente pode ser necess\u00e1rio a &#8220;troca e\/ou substitui\u00e7\u00e3o&#8221; de pe\u00e7as, que podem ser fornecidas\/cotadas em &#8220;separado&#8221;.<\/p>\n<div class=\"title\"><h2> Dados T\u00e9cnicos <\/h2><div class=\"title-line-container\"><div class=\"title-line \"><\/div><\/div><\/div>\n<ul>\n<li>Alimenta\u00e7\u00e3o Manual;<\/li>\n<li>Motoriza\u00e7\u00e3o: dois motores de 1,75 c.v. (altera\u00e7\u00e3o sob consulta);<\/li>\n<li>Produ\u00e7\u00e3o m\u00e9dia: 900 roscas p\/ hora m\u00e1quina<\/li>\n<\/ul>\n<p>(produtividade &#8220;vari\u00e1vel&#8221; conforme as caracter\u00edsticas da rosca a ser produzida).<\/p>\n<div class=\"title\"><h2> Caracter\u00edsticas F\u00edsicas <\/h2><div class=\"title-line-container\"><div class=\"title-line \"><\/div><\/div><\/div>\n<ul>\n<li>Estrutura constru\u00edda em ferro fundido e perfis dobrados;<\/li>\n<li>Peso (l\u00edquido): 145 Kg.;<\/li>\n<li>Dimens\u00f5es (aproximadas): (L) 0,60m x (C) 0,70m x (A) 1,20m<\/li>\n<\/ul>\n","protected":false},"excerpt":{"rendered":"<p>A Rosqueadeira pneum\u00e1tica para cabos de madeira \u00e9 uma m\u00e1quina vers\u00e1til e com alto desempenho na produ\u00e7\u00e3o.\u00a0Destinada \u00e0 produ\u00e7\u00e3o de roscas externas em ponta de cabos cil\u00edndricos, com sistema pneum\u00e1tico de acionamento na pin\u00e7a e na mesa da fresa.<\/p>\n","protected":false},"featured_media":865,"comment_status":"closed","ping_status":"closed","template":"","meta":[],"product_brand":[],"product_cat":[16,17],"product_tag":[],"class_list":{"0":"post-283","1":"product","2":"type-product","3":"status-publish","4":"has-post-thumbnail","6":"product_cat-beneficiamento","7":"product_cat-cabos-de-vassoura","9":"first","10":"instock","11":"shipping-taxable","12":"product-type-simple"},"_links":{"self":[{"href":"http:\/\/www.maquinasaguia.com.br\/site\/wp-json\/wp\/v2\/product\/283","targetHints":{"allow":["GET"]}}],"collection":[{"href":"http:\/\/www.maquinasaguia.com.br\/site\/wp-json\/wp\/v2\/product"}],"about":[{"href":"http:\/\/www.maquinasaguia.com.br\/site\/wp-json\/wp\/v2\/types\/product"}],"replies":[{"embeddable":true,"href":"http:\/\/www.maquinasaguia.com.br\/site\/wp-json\/wp\/v2\/comments?post=283"}],"wp:featuredmedia":[{"embeddable":true,"href":"http:\/\/www.maquinasaguia.com.br\/site\/wp-json\/wp\/v2\/media\/865"}],"wp:attachment":[{"href":"http:\/\/www.maquinasaguia.com.br\/site\/wp-json\/wp\/v2\/media?parent=283"}],"wp:term":[{"taxonomy":"product_brand","embeddable":true,"href":"http:\/\/www.maquinasaguia.com.br\/site\/wp-json\/wp\/v2\/product_brand?post=283"},{"taxonomy":"product_cat","embeddable":true,"href":"http:\/\/www.maquinasaguia.com.br\/site\/wp-json\/wp\/v2\/product_cat?post=283"},{"taxonomy":"product_tag","embeddable":true,"href":"http:\/\/www.maquinasaguia.com.br\/site\/wp-json\/wp\/v2\/product_tag?post=283"}],"curies":[{"name":"wp","href":"https:\/\/api.w.org\/{rel}","templated":true}]}}