{"id":249,"date":"2014-04-22T13:56:40","date_gmt":"2014-04-22T13:56:40","guid":{"rendered":"http:\/\/www.maquinasaguia.com.br\/site\/?post_type=product&#038;p=249"},"modified":"2014-08-05T19:53:16","modified_gmt":"2014-08-05T19:53:16","slug":"lixadeira-dupla-lpd-3200","status":"publish","type":"product","link":"http:\/\/www.maquinasaguia.com.br\/site\/produto\/lixadeira-dupla-lpd-3200\/","title":{"rendered":"LIXADEIRA DUPLA &#8220;LPD-3200&#8221;"},"content":{"rendered":"<p>Lixadeira para pe\u00e7as cil\u00edndricas, indicada para dar o acabamento necess\u00e1rio na produ\u00e7\u00e3o de cabos de vassoura.<\/p>\n<p><iframe loading=\"lazy\" src=\"\/\/www.youtube.com\/embed\/USnJUOM1qJc\" height=\"360\" width=\"640\" allowfullscreen=\"\" frameborder=\"0\"><\/iframe><\/p>\n<div class=\"title\"><h2> Dados T\u00e9cnicos <\/h2><div class=\"title-line-container\"><div class=\"title-line \"><\/div><\/div><\/div>\n<ul>\n<li>Avan\u00e7o Autom\u00e1tico;<\/li>\n<li>Alimenta\u00e7\u00e3o Manual, (dois cabos simult\u00e2neos de at\u00e9 26mm de \u00d8 ou um cabo de at\u00e9 50mm de \u00d8, mediante a troca de pe\u00e7as);<\/li>\n<li>Lixas recomendas:medida: 3.100mm x 200mm (pano);<\/li>\n<li>1\u00aa (desbaste): grana 100 &#8211; 2\u00aa (acabamento): grana 120, (podendo variar conforme as necessidades do acabamento);<\/li>\n<li>Motoriza\u00e7\u00e3o:<br \/>\nUm motor de 1 c.v. para o sistema de avan\u00e7o.<br \/>\nUm motor de 7,5 c.v. para o sistema de acionamento das lixas;<\/li>\n<li>Produ\u00e7\u00e3o m\u00e9dia por hora-m\u00e1quina: <strong>1.125 pe\u00e7as de 1,2m (1.350m lineares).<\/strong><\/li>\n<\/ul>\n<div class=\"title\"><h2> Caracter\u00edsticas F\u00edsicas <\/h2><div class=\"title-line-container\"><div class=\"title-line \"><\/div><\/div><\/div>\n<ul>\n<li>Estrutura constru\u00edda em ferro fundido e perfis dobrados;<\/li>\n<li>Peso l\u00edquido (aproximado): 628 Kg;<\/li>\n<li>Dimens\u00f5es (aproximadas): (L) 1,20m x (C) 1,20m x (A) 1,85m.<\/li>\n<\/ul>\n","protected":false},"excerpt":{"rendered":"<p>M\u00e1quinas destinada para dar acabamento necess\u00e1rio na produ\u00e7\u00e3o de cabos de vassoura e similares.<\/p>\n","protected":false},"featured_media":652,"comment_status":"closed","ping_status":"closed","template":"","meta":[],"product_brand":[],"product_cat":[16,17],"product_tag":[],"class_list":{"0":"post-249","1":"product","2":"type-product","3":"status-publish","4":"has-post-thumbnail","6":"product_cat-beneficiamento","7":"product_cat-cabos-de-vassoura","9":"first","10":"instock","11":"shipping-taxable","12":"product-type-simple"},"_links":{"self":[{"href":"http:\/\/www.maquinasaguia.com.br\/site\/wp-json\/wp\/v2\/product\/249","targetHints":{"allow":["GET"]}}],"collection":[{"href":"http:\/\/www.maquinasaguia.com.br\/site\/wp-json\/wp\/v2\/product"}],"about":[{"href":"http:\/\/www.maquinasaguia.com.br\/site\/wp-json\/wp\/v2\/types\/product"}],"replies":[{"embeddable":true,"href":"http:\/\/www.maquinasaguia.com.br\/site\/wp-json\/wp\/v2\/comments?post=249"}],"wp:featuredmedia":[{"embeddable":true,"href":"http:\/\/www.maquinasaguia.com.br\/site\/wp-json\/wp\/v2\/media\/652"}],"wp:attachment":[{"href":"http:\/\/www.maquinasaguia.com.br\/site\/wp-json\/wp\/v2\/media?parent=249"}],"wp:term":[{"taxonomy":"product_brand","embeddable":true,"href":"http:\/\/www.maquinasaguia.com.br\/site\/wp-json\/wp\/v2\/product_brand?post=249"},{"taxonomy":"product_cat","embeddable":true,"href":"http:\/\/www.maquinasaguia.com.br\/site\/wp-json\/wp\/v2\/product_cat?post=249"},{"taxonomy":"product_tag","embeddable":true,"href":"http:\/\/www.maquinasaguia.com.br\/site\/wp-json\/wp\/v2\/product_tag?post=249"}],"curies":[{"name":"wp","href":"https:\/\/api.w.org\/{rel}","templated":true}]}}