{"id":234,"date":"2014-04-17T19:57:45","date_gmt":"2014-04-17T19:57:45","guid":{"rendered":"http:\/\/www.maquinasaguia.com.br\/site\/?post_type=product&#038;p=234"},"modified":"2016-01-07T14:04:57","modified_gmt":"2016-01-07T14:04:57","slug":"torno-cabeceiro-ca18-ex","status":"publish","type":"product","link":"http:\/\/www.maquinasaguia.com.br\/site\/produto\/torno-cabeceiro-ca18-ex\/","title":{"rendered":"TORNO CABECEIRO &#8220;CA18-EX&#8221;"},"content":{"rendered":"<p>Recomendado para fazer a &#8220;meia esfera&#8221; (cabe\u00e7a) em cabos cil\u00edndricos. O acabamento por ela produzido satisfaz os mais exigentes mercados mundiais.<\/p>\n<div class=\"title\"><h2>Dados T\u00e9cnicos<\/h2><div class=\"title-line-container\"><div class=\"title-line \"><\/div><\/div><\/div>\n<ul>\n<li>Alimenta\u00e7\u00e3o Manual;<\/li>\n<li>Motoriza\u00e7\u00e3o: um motor de 1,5 c.v.;<\/li>\n<li>Produ\u00e7\u00e3o m\u00e9dia por hora-m\u00e1quina: 625 pe\u00e7as.<\/li>\n<\/ul>\n<div class=\"title\"><h2>Caracter\u00edsticas F\u00edsicas<\/h2><div class=\"title-line-container\"><div class=\"title-line \"><\/div><\/div><\/div>\n<ul>\n<li>Estrutura constru\u00edda em ferro fundido e perfis dobrados;<\/li>\n<li>Peso l\u00edquido (aproximado): 122 Kg;<\/li>\n<li>Dimens\u00f5es (aproximadas): (L) 0,65m x (C) 0,65m x (A) 1,10m<\/li>\n<\/ul>\n","protected":false},"excerpt":{"rendered":"<p>Recomendado para fazer a &#8220;meia esfera&#8221; (cabe\u00e7a) em cabos cil\u00edndricos. O acabamento por ela produzido satisfaz os mais exigentes mercados mundiais.<\/p>\n","protected":false},"featured_media":779,"comment_status":"closed","ping_status":"closed","template":"","meta":[],"product_brand":[],"product_cat":[16,17],"product_tag":[],"class_list":{"0":"post-234","1":"product","2":"type-product","3":"status-publish","4":"has-post-thumbnail","6":"product_cat-beneficiamento","7":"product_cat-cabos-de-vassoura","9":"first","10":"instock","11":"shipping-taxable","12":"product-type-simple"},"_links":{"self":[{"href":"http:\/\/www.maquinasaguia.com.br\/site\/wp-json\/wp\/v2\/product\/234","targetHints":{"allow":["GET"]}}],"collection":[{"href":"http:\/\/www.maquinasaguia.com.br\/site\/wp-json\/wp\/v2\/product"}],"about":[{"href":"http:\/\/www.maquinasaguia.com.br\/site\/wp-json\/wp\/v2\/types\/product"}],"replies":[{"embeddable":true,"href":"http:\/\/www.maquinasaguia.com.br\/site\/wp-json\/wp\/v2\/comments?post=234"}],"wp:featuredmedia":[{"embeddable":true,"href":"http:\/\/www.maquinasaguia.com.br\/site\/wp-json\/wp\/v2\/media\/779"}],"wp:attachment":[{"href":"http:\/\/www.maquinasaguia.com.br\/site\/wp-json\/wp\/v2\/media?parent=234"}],"wp:term":[{"taxonomy":"product_brand","embeddable":true,"href":"http:\/\/www.maquinasaguia.com.br\/site\/wp-json\/wp\/v2\/product_brand?post=234"},{"taxonomy":"product_cat","embeddable":true,"href":"http:\/\/www.maquinasaguia.com.br\/site\/wp-json\/wp\/v2\/product_cat?post=234"},{"taxonomy":"product_tag","embeddable":true,"href":"http:\/\/www.maquinasaguia.com.br\/site\/wp-json\/wp\/v2\/product_tag?post=234"}],"curies":[{"name":"wp","href":"https:\/\/api.w.org\/{rel}","templated":true}]}}