{"id":102,"date":"2014-03-18T18:27:10","date_gmt":"2014-03-18T18:27:10","guid":{"rendered":"http:\/\/www.maquinasaguia.com.br\/site\/?post_type=product&#038;p=102"},"modified":"2017-11-01T18:33:55","modified_gmt":"2017-11-01T18:33:55","slug":"serras-de-fita-de-desdobro-vertical","status":"publish","type":"product","link":"http:\/\/www.maquinasaguia.com.br\/site\/produto\/serras-de-fita-de-desdobro-vertical\/","title":{"rendered":"SERRAS DE FITA DE DESDOBRO VERTICAL"},"content":{"rendered":"<p>S\u00e3o m\u00e1quinas para desdobrar t\u00e1buas,\u00a0blocos ou costaneiras para medidas menores. Podem ser serrados todos os tipos de madeira, desde que j\u00e1 tenham uma face plana e que suas dimens\u00f5es sejam compat\u00edveis com a capacidade da m\u00e1quina desejada.<\/p>\n<div class=\"title\"><h2> Dados T\u00e9cnicos <\/h2><div class=\"title-line-container\"><div class=\"title-line \"><\/div><\/div><\/div>\n<ul>\n<li>Tensionamento eletro-hidr\u00e1ulico da l\u00e2mina de serra (mec\u00e2nico sob pedido)<\/li>\n<li>Mecanismo compensador de alinhamento do volante superior<\/li>\n<li>Eficaz sistema de freio dos volantes<\/li>\n<li>Balanceamento din\u00e2mico rigoroso das pe\u00e7as girat\u00f3rias<\/li>\n<li>Guias da lamina de baixo atrito<\/li>\n<li>Velocidade de avan\u00e7o vari\u00e1vel ou fixa dependendo da defini\u00e7\u00e3o do cliente<\/li>\n<li>Controle de medidas (bitolador) manual ou eletr\u00f4nico<\/li>\n<\/ul>\n<div class=\"title\"><h2> Caracter\u00edsticas F\u00edsicas <\/h2><div class=\"title-line-container\"><div class=\"title-line \"><\/div><\/div><\/div>\n<ul>\n<li>\n<table border=\"1\" width=\"100%\" cellspacing=\"0\" cellpadding=\"0\">\n<tbody>\n<tr>\n<td width=\"63\">\n<p align=\"center\">M\u00c1QUINA<\/p>\n<\/td>\n<td width=\"60\">\n<p align=\"center\">VOLANTES \u00d8 mm<\/p>\n<\/td>\n<td width=\"68\">\n<p align=\"center\">PRESSIONAMENTO DA MADEIRA<\/p>\n<\/td>\n<td width=\"78\">\n<p align=\"center\">ROLOS EXTERNOS QTDE \u00d7 ACIONAMENTO<\/p>\n<\/td>\n<td width=\"71\">\n<p align=\"center\">ROLOS INTERNOS ACIONAMENTO<\/p>\n<\/td>\n<\/tr>\n<tr>\n<td width=\"63\">\n<p align=\"center\">DR-110<\/p>\n<\/td>\n<td width=\"60\">\n<p align=\"center\">1.100<\/p>\n<\/td>\n<td rowspan=\"3\" width=\"68\">\n<p align=\"center\">Pneum\u00e1tico<\/p>\n<\/td>\n<td rowspan=\"3\" width=\"78\">\n<p align=\"center\">1 \u00d7 Motriz<\/p>\n<\/td>\n<td rowspan=\"9\" width=\"71\">\n<p align=\"center\">Movidos<\/p>\n<\/td>\n<\/tr>\n<tr>\n<td width=\"63\">\n<p align=\"center\">DR-125<\/p>\n<\/td>\n<td width=\"60\">\n<p align=\"center\">1.250<\/p>\n<\/td>\n<\/tr>\n<tr>\n<td width=\"63\">\n<p align=\"center\">DR-135<\/p>\n<\/td>\n<td width=\"60\">\n<p align=\"center\">1.350<\/p>\n<\/td>\n<\/tr>\n<tr>\n<td width=\"63\">\n<p align=\"center\">DRP-110-V2<\/p>\n<\/td>\n<td width=\"60\">\n<p align=\"center\">1.100<\/p>\n<\/td>\n<td rowspan=\"3\" width=\"68\">\n<p align=\"center\">Pneum\u00e1tico<\/p>\n<\/td>\n<td rowspan=\"3\" width=\"78\">\n<p align=\"center\">2 \u00d7 Motriz<\/p>\n<\/td>\n<\/tr>\n<tr>\n<td width=\"63\">\n<p align=\"center\">DRP-125-V2<\/p>\n<\/td>\n<td width=\"60\">\n<p align=\"center\">1.250<\/p>\n<\/td>\n<\/tr>\n<tr>\n<td width=\"63\">\n<p align=\"center\">DRP-135-V2<\/p>\n<\/td>\n<td width=\"60\">\n<p align=\"center\">1.350<\/p>\n<\/td>\n<\/tr>\n<tr>\n<td width=\"63\">\n<p align=\"center\">DRH-110-V2<\/p>\n<\/td>\n<td width=\"60\">\n<p align=\"center\">1.100<\/p>\n<\/td>\n<td rowspan=\"3\" width=\"68\">\n<p align=\"center\">Hidr\u00e1ulico<\/p>\n<\/td>\n<td rowspan=\"3\" width=\"78\">\n<p align=\"center\">2 \u00d7 Motriz<\/p>\n<\/td>\n<\/tr>\n<tr>\n<td width=\"63\">\n<p align=\"center\">DRH-125-V2<\/p>\n<\/td>\n<td width=\"60\">\n<p align=\"center\">1.250<\/p>\n<\/td>\n<\/tr>\n<tr>\n<td width=\"63\">\n<p align=\"center\">DRH-135-V2<\/p>\n<\/td>\n<td width=\"60\">\n<p align=\"center\">1.350<\/p>\n<\/td>\n<\/tr>\n<tr>\n<td width=\"63\">\n<p align=\"center\">DRP-125-V4<\/p>\n<\/td>\n<td width=\"60\">\n<p align=\"center\">1.250<\/p>\n<\/td>\n<td rowspan=\"2\" width=\"68\">\n<p align=\"center\">Pneum\u00e1tico<\/p>\n<\/td>\n<td rowspan=\"2\" width=\"78\">\n<p align=\"center\">2 \u00d7 Motriz<\/p>\n<\/td>\n<td rowspan=\"2\" width=\"71\">\n<p align=\"center\">Motrizes<\/p>\n<\/td>\n<\/tr>\n<tr>\n<td valign=\"top\" width=\"63\">\n<p align=\"center\">DRP-135-V4<\/p>\n<\/td>\n<td valign=\"top\" width=\"60\">\n<p align=\"center\">1.350<\/p>\n<p>&nbsp;<\/td>\n<\/tr>\n<\/tbody>\n<\/table>\n<\/li>\n<\/ul>\n","protected":false},"excerpt":{"rendered":"<p>S\u00e3o m\u00e1quinas para desdobrar t\u00e1buas, para cada necessidade e gosto, o cliente pode escolher sua m\u00e1quina. Todas elas tem o mesmo padr\u00e3o de qualidade, diferenciando-se os v\u00e1rios tipos por seu tamanho, grau de sofistica\u00e7\u00e3o, automa\u00e7\u00e3o e conseq\u00fcente produtividade<\/p>\n","protected":false},"featured_media":863,"comment_status":"closed","ping_status":"closed","template":"","meta":[],"product_brand":[],"product_cat":[27,15,23],"product_tag":[],"class_list":{"0":"post-102","1":"product","2":"type-product","3":"status-publish","4":"has-post-thumbnail","6":"product_cat-serra-de-desdobro","7":"product_cat-serraria","8":"product_cat-serras-de-fita","10":"first","11":"instock","12":"shipping-taxable","13":"product-type-simple"},"_links":{"self":[{"href":"http:\/\/www.maquinasaguia.com.br\/site\/wp-json\/wp\/v2\/product\/102","targetHints":{"allow":["GET"]}}],"collection":[{"href":"http:\/\/www.maquinasaguia.com.br\/site\/wp-json\/wp\/v2\/product"}],"about":[{"href":"http:\/\/www.maquinasaguia.com.br\/site\/wp-json\/wp\/v2\/types\/product"}],"replies":[{"embeddable":true,"href":"http:\/\/www.maquinasaguia.com.br\/site\/wp-json\/wp\/v2\/comments?post=102"}],"wp:featuredmedia":[{"embeddable":true,"href":"http:\/\/www.maquinasaguia.com.br\/site\/wp-json\/wp\/v2\/media\/863"}],"wp:attachment":[{"href":"http:\/\/www.maquinasaguia.com.br\/site\/wp-json\/wp\/v2\/media?parent=102"}],"wp:term":[{"taxonomy":"product_brand","embeddable":true,"href":"http:\/\/www.maquinasaguia.com.br\/site\/wp-json\/wp\/v2\/product_brand?post=102"},{"taxonomy":"product_cat","embeddable":true,"href":"http:\/\/www.maquinasaguia.com.br\/site\/wp-json\/wp\/v2\/product_cat?post=102"},{"taxonomy":"product_tag","embeddable":true,"href":"http:\/\/www.maquinasaguia.com.br\/site\/wp-json\/wp\/v2\/product_tag?post=102"}],"curies":[{"name":"wp","href":"https:\/\/api.w.org\/{rel}","templated":true}]}}