{"id":17,"date":"2014-02-25T18:48:25","date_gmt":"2014-02-25T18:48:25","guid":{"rendered":"http:\/\/www.maquinasaguia.com.br\/site\/?page_id=17"},"modified":"2014-04-03T14:46:17","modified_gmt":"2014-04-03T14:46:17","slug":"localizacao","status":"publish","type":"page","link":"http:\/\/www.maquinasaguia.com.br\/site\/localizacao\/","title":{"rendered":"Localiza\u00e7\u00e3o"},"content":{"rendered":"<p><strong>Nosso endere\u00e7o:<\/strong><br \/>\nAv. Rui Barbosa, 3880 &#8211; Bairro: Afonso Pena &#8211;\u00a0S\u00e3o Jos\u00e9 dos Pinhais &#8211; Paran\u00e1 &#8211; Brasil &#8211;\u00a0Caixa Postal n\u00ba: 1511 CEP: 83056-980 &#8211;\u00a0Fone\/Fax: 55 (41) 3382-3100<\/p>\n<p><iframe loading=\"lazy\" src=\"https:\/\/maps.google.com.br\/maps?f=q&amp;source=s_q&amp;hl=pt-BR&amp;geocode=&amp;q=Av.+Rui+Barbosa,+3880&amp;sll=-25.495117,-49.289798&amp;sspn=0.544165,1.056747&amp;t=h&amp;ie=UTF8&amp;hq=&amp;hnear=Avenida+Rui+Barbosa,+3950+-+Ip%C3%AA,+Paran%C3%A1&amp;ll=-25.498446,-49.167852&amp;spn=0.018593,0.027466&amp;z=15&amp;iwloc=A&amp;output=embed\" height=\"480\" width=\"100%\" frameborder=\"0\" marginwidth=\"0\" marginheight=\"0\" scrolling=\"no\"><\/iframe><\/p>\n","protected":false},"excerpt":{"rendered":"<p>Nosso endere\u00e7o: Av. Rui Barbosa, 3880 &#8211; Bairro: Afonso Pena &#8211;\u00a0S\u00e3o Jos\u00e9 dos Pinhais &#8211; Paran\u00e1 &#8211; Brasil &#8211;\u00a0Caixa Postal n\u00ba: 1511 CEP: 83056-980 &#8211;\u00a0Fone\/Fax: 55 (41) 3382-3100<\/p>\n","protected":false},"author":1,"featured_media":0,"parent":0,"menu_order":5,"comment_status":"closed","ping_status":"closed","template":"","meta":{"footnotes":""},"class_list":["post-17","page","type-page","status-publish","hentry"],"_links":{"self":[{"href":"http:\/\/www.maquinasaguia.com.br\/site\/wp-json\/wp\/v2\/pages\/17","targetHints":{"allow":["GET"]}}],"collection":[{"href":"http:\/\/www.maquinasaguia.com.br\/site\/wp-json\/wp\/v2\/pages"}],"about":[{"href":"http:\/\/www.maquinasaguia.com.br\/site\/wp-json\/wp\/v2\/types\/page"}],"author":[{"embeddable":true,"href":"http:\/\/www.maquinasaguia.com.br\/site\/wp-json\/wp\/v2\/users\/1"}],"replies":[{"embeddable":true,"href":"http:\/\/www.maquinasaguia.com.br\/site\/wp-json\/wp\/v2\/comments?post=17"}],"version-history":[{"count":7,"href":"http:\/\/www.maquinasaguia.com.br\/site\/wp-json\/wp\/v2\/pages\/17\/revisions"}],"predecessor-version":[{"id":208,"href":"http:\/\/www.maquinasaguia.com.br\/site\/wp-json\/wp\/v2\/pages\/17\/revisions\/208"}],"wp:attachment":[{"href":"http:\/\/www.maquinasaguia.com.br\/site\/wp-json\/wp\/v2\/media?parent=17"}],"curies":[{"name":"wp","href":"https:\/\/api.w.org\/{rel}","templated":true}]}}